{"id":712,"date":"2022-06-29T16:42:11","date_gmt":"2022-06-29T09:42:11","guid":{"rendered":"https:\/\/vn.taokaenoiglobal.com\/?post_type=product&#038;p=712"},"modified":"2022-07-19T16:00:33","modified_gmt":"2022-07-19T09:00:33","slug":"tom-yum-goong","status":"publish","type":"product","link":"https:\/\/vn.taokaenoiglobal.com\/vi\/product\/tom-yum-goong\/","title":{"rendered":"Tom Yum Goong"},"content":{"rendered":"<p>Rong bi\u1ec3n gi\u00f2n Taokaenoi v\u1edbi k\u00edch c\u1ee1 ph\u00f9 h\u1ee3p \u0111\u1ec3 nh\u00e2m nhi \u0103n v\u1eb7t. T\u1eebng mi\u1ebfng rong bi\u1ec3n \u0111\u01b0\u1ee3c t\u1ea9m \u01b0\u1edbp th\u01a1m ngon, v\u1edbi \u0111a d\u1ea1ng m\u00f9i v\u1ecb c\u00f3 s\u1eb3n tr\u00ean th\u1ecb tr\u01b0\u1eddng.<\/p>\n<p><span data-sheets-value=\"{&quot;1&quot;:2,&quot;2&quot;:&quot;Ch\u1ec9 c\u1ea7n c\u1eafn m\u1ed9t mi\u1ebfng rong bi\u1ec3n v\u1ecb Tom Yum l\u00e0 c\u00f3 th\u1ec3 th\u01b0\u1edfng th\u1ee9c h\u01b0\u01a1ng v\u1ecb Th\u00e1i Lan \u0111\u00fang \u0111i\u1ec7u.&quot;}\" data-sheets-userformat=\"{&quot;2&quot;:14847,&quot;3&quot;:{&quot;1&quot;:0,&quot;3&quot;:1},&quot;4&quot;:{&quot;1&quot;:2,&quot;2&quot;:10207974},&quot;5&quot;:{&quot;1&quot;:[{&quot;1&quot;:2,&quot;2&quot;:0,&quot;5&quot;:{&quot;1&quot;:2,&quot;2&quot;:0}},{&quot;1&quot;:0,&quot;2&quot;:0,&quot;3&quot;:3},{&quot;1&quot;:1,&quot;2&quot;:0,&quot;4&quot;:1}]},&quot;6&quot;:{&quot;1&quot;:[{&quot;1&quot;:2,&quot;2&quot;:0,&quot;5&quot;:{&quot;1&quot;:2,&quot;2&quot;:0}},{&quot;1&quot;:0,&quot;2&quot;:0,&quot;3&quot;:3},{&quot;1&quot;:1,&quot;2&quot;:0,&quot;4&quot;:1}]},&quot;7&quot;:{&quot;1&quot;:[{&quot;1&quot;:2,&quot;2&quot;:0,&quot;5&quot;:{&quot;1&quot;:2,&quot;2&quot;:0}},{&quot;1&quot;:0,&quot;2&quot;:0,&quot;3&quot;:3},{&quot;1&quot;:1,&quot;2&quot;:0,&quot;4&quot;:1}]},&quot;8&quot;:{&quot;1&quot;:[{&quot;1&quot;:2,&quot;2&quot;:0,&quot;5&quot;:{&quot;1&quot;:2,&quot;2&quot;:0}},{&quot;1&quot;:0,&quot;2&quot;:0,&quot;3&quot;:3},{&quot;1&quot;:1,&quot;2&quot;:0,&quot;4&quot;:1}]},&quot;9&quot;:1,&quot;10&quot;:1,&quot;11&quot;:4,&quot;14&quot;:{&quot;1&quot;:3,&quot;3&quot;:1},&quot;15&quot;:&quot;Times New Roman&quot;,&quot;16&quot;:12}\">Ch\u1ec9 c\u1ea7n c\u1eafn m\u1ed9t mi\u1ebfng rong bi\u1ec3n v\u1ecb Tom Yum l\u00e0 c\u00f3 th\u1ec3 th\u01b0\u1edfng th\u1ee9c h\u01b0\u01a1ng v\u1ecb Th\u00e1i Lan \u0111\u00fang \u0111i\u1ec7u.<\/span><\/p>","protected":false},"featured_media":714,"template":"","product_cat":[5],"class_list":["post-712","product","type-product","status-publish","has-post-thumbnail","hentry","product_cat-crispyseaweed"],"acf":{"nutrition_data":[{"name":"Calo\/ N\u0103ng l\u01b0\u1ee3ng (Kcal)","value":"108"},{"name":"N\u0103ng l\u01b0\u1ee3ng t\u1eeb ch\u1ea5t b\u00e9o (Kcal)","value":"87"},{"name":"T\u1ed5ng ch\u1ea5t b\u00e9o (g)","value":"9.7"},{"name":"Ch\u1ea5t b\u00e9o b\u00e3o ho\u00e0 (g)","value":"3"},{"name":"Ch\u1ea5t b\u00e9o chuy\u1ec3n ho\u00e1 (g)","value":""},{"name":"Cholesterol (mg)","value":""},{"name":"Sodium (mg)","value":"116"},{"name":"T\u1ed5ng Carbohydrate, bao g\u1ed3m DF (g)","value":"3"},{"name":"Ch\u1ea5t x\u01a1 (g)","value":"2.4"},{"name":"\u0110\u01b0\u1eddng (g)","value":""},{"name":"Ch\u1ea5t \u0111\u1ea1m (Nx6.25) (g)","value":"2.3"},{"name":"Vitamin A (mcg.RE)","value":"175.37"},{"name":"Vitamin C (mg)","value":"0.58"},{"name":"Vitamin B1 (mg)","value":"0.02"},{"name":"Vitamin B2 (mg)","value":"0.22"},{"name":"S\u1eaft (mg)","value":"0.56"},{"name":"Canxi (mg)","value":"38.24"}],"seaweeds":{"position_a":false,"position_b":false},"product_sizes":[{"product_image":{"ID":817,"id":817,"title":"Crispy Seaweed Tom Yum Goong 15G","filename":"Crispy-Seaweed-Tom-Yum-Goong-15G.png","filesize":1271957,"url":"https:\/\/vn.taokaenoiglobal.com\/wp-content\/uploads\/2022\/06\/Crispy-Seaweed-Tom-Yum-Goong-15G.png","link":"https:\/\/vn.taokaenoiglobal.com\/vi\/product\/tom-yum-goong\/crispy-seaweed-tom-yum-goong-15g-2\/","alt":"","author":"2","description":"","caption":"","name":"crispy-seaweed-tom-yum-goong-15g-2","status":"inherit","uploaded_to":712,"date":"2022-07-19 08:59:32","modified":"2022-07-19 08:59:32","menu_order":0,"mime_type":"image\/png","type":"image","subtype":"png","icon":"https:\/\/vn.taokaenoiglobal.com\/wp-includes\/images\/media\/default.png","width":1200,"height":1200,"sizes":{"thumbnail":"https:\/\/vn.taokaenoiglobal.com\/wp-content\/uploads\/2022\/06\/Crispy-Seaweed-Tom-Yum-Goong-15G-150x150.png","thumbnail-width":150,"thumbnail-height":150,"medium":"https:\/\/vn.taokaenoiglobal.com\/wp-content\/uploads\/2022\/06\/Crispy-Seaweed-Tom-Yum-Goong-15G-300x300.png","medium-width":300,"medium-height":300,"medium_large":"https:\/\/vn.taokaenoiglobal.com\/wp-content\/uploads\/2022\/06\/Crispy-Seaweed-Tom-Yum-Goong-15G-768x768.png","medium_large-width":768,"medium_large-height":768,"large":"https:\/\/vn.taokaenoiglobal.com\/wp-content\/uploads\/2022\/06\/Crispy-Seaweed-Tom-Yum-Goong-15G-1024x1024.png","large-width":1024,"large-height":1024,"1536x1536":"https:\/\/vn.taokaenoiglobal.com\/wp-content\/uploads\/2022\/06\/Crispy-Seaweed-Tom-Yum-Goong-15G.png","1536x1536-width":1200,"1536x1536-height":1200,"2048x2048":"https:\/\/vn.taokaenoiglobal.com\/wp-content\/uploads\/2022\/06\/Crispy-Seaweed-Tom-Yum-Goong-15G.png","2048x2048-width":1200,"2048x2048-height":1200}},"product_title":"Rong bi\u1ec3n gi\u00f2n v\u1ecb Tom Yum Goong 15G"},{"product_image":{"ID":714,"id":714,"title":"Crispy Seaweed Tom Yum Goong 32G","filename":"Crispy-Seaweed-Tom-Yum-Goong-32G.png","filesize":1096185,"url":"https:\/\/vn.taokaenoiglobal.com\/wp-content\/uploads\/2022\/06\/Crispy-Seaweed-Tom-Yum-Goong-32G.png","link":"https:\/\/vn.taokaenoiglobal.com\/vi\/product\/tom-yum-goong\/crispy-seaweed-tom-yum-goong-32g\/","alt":"","author":"2","description":"","caption":"","name":"crispy-seaweed-tom-yum-goong-32g","status":"inherit","uploaded_to":712,"date":"2022-06-29 09:42:05","modified":"2022-06-29 09:42:05","menu_order":0,"mime_type":"image\/png","type":"image","subtype":"png","icon":"https:\/\/vn.taokaenoiglobal.com\/wp-includes\/images\/media\/default.png","width":1200,"height":1200,"sizes":{"thumbnail":"https:\/\/vn.taokaenoiglobal.com\/wp-content\/uploads\/2022\/06\/Crispy-Seaweed-Tom-Yum-Goong-32G-150x150.png","thumbnail-width":150,"thumbnail-height":150,"medium":"https:\/\/vn.taokaenoiglobal.com\/wp-content\/uploads\/2022\/06\/Crispy-Seaweed-Tom-Yum-Goong-32G-300x300.png","medium-width":300,"medium-height":300,"medium_large":"https:\/\/vn.taokaenoiglobal.com\/wp-content\/uploads\/2022\/06\/Crispy-Seaweed-Tom-Yum-Goong-32G-768x768.png","medium_large-width":768,"medium_large-height":768,"large":"https:\/\/vn.taokaenoiglobal.com\/wp-content\/uploads\/2022\/06\/Crispy-Seaweed-Tom-Yum-Goong-32G-1024x1024.png","large-width":1024,"large-height":1024,"1536x1536":"https:\/\/vn.taokaenoiglobal.com\/wp-content\/uploads\/2022\/06\/Crispy-Seaweed-Tom-Yum-Goong-32G.png","1536x1536-width":1200,"1536x1536-height":1200,"2048x2048":"https:\/\/vn.taokaenoiglobal.com\/wp-content\/uploads\/2022\/06\/Crispy-Seaweed-Tom-Yum-Goong-32G.png","2048x2048-width":1200,"2048x2048-height":1200}},"product_title":"Rong bi\u1ec3n gi\u00f2n v\u1ecb Tom Yum Goong 32G"}],"per_serving":"16G"},"yoast_head":"<!-- This site is optimized with the Yoast SEO plugin v24.6 - https:\/\/yoast.com\/wordpress\/plugins\/seo\/ -->\n<title>Tom Yum Goong - Taokaenoi Global<\/title>\n<meta name=\"robots\" content=\"index, follow, max-snippet:-1, max-image-preview:large, max-video-preview:-1\" \/>\n<link rel=\"canonical\" href=\"https:\/\/vn.taokaenoiglobal.com\/vi\/product\/tom-yum-goong\/\" \/>\n<meta property=\"og:locale\" content=\"vi_VN\" \/>\n<meta property=\"og:type\" content=\"article\" \/>\n<meta property=\"og:title\" content=\"[:en]Tom Yum Goong[:vi]Tom Yum Goong[:zh]\u539f\u5473[:] - Taokaenoi Global\" \/>\n<meta property=\"og:description\" content=\"Rong bi\u1ec3n gi\u00f2n Taokaenoi v\u1edbi k\u00edch c\u1ee1 ph\u00f9 h\u1ee3p \u0111\u1ec3 nh\u00e2m nhi \u0103n v\u1eb7t. T\u1eebng mi\u1ebfng rong bi\u1ec3n \u0111\u01b0\u1ee3c t\u1ea9m \u01b0\u1edbp th\u01a1m ngon, v\u1edbi \u0111a d\u1ea1ng m\u00f9i v\u1ecb c\u00f3 s\u1eb3n tr\u00ean th\u1ecb tr\u01b0\u1eddng. Ch\u1ec9 c\u1ea7n c\u1eafn m\u1ed9t mi\u1ebfng rong bi\u1ec3n v\u1ecb Tom Yum l\u00e0 c\u00f3 th\u1ec3 th\u01b0\u1edfng th\u1ee9c h\u01b0\u01a1ng v\u1ecb Th\u00e1i Lan \u0111\u00fang \u0111i\u1ec7u.\" \/>\n<meta property=\"og:url\" content=\"https:\/\/vn.taokaenoiglobal.com\/vi\/product\/tom-yum-goong\/\" \/>\n<meta property=\"og:site_name\" content=\"Taokaenoi Global\" \/>\n<meta property=\"article:modified_time\" content=\"2022-07-19T09:00:33+00:00\" \/>\n<meta property=\"og:image\" content=\"https:\/\/vn.taokaenoiglobal.com\/wp-content\/uploads\/2022\/06\/Crispy-Seaweed-Tom-Yum-Goong-32G.png\" \/>\n\t<meta property=\"og:image:width\" content=\"1200\" \/>\n\t<meta property=\"og:image:height\" content=\"1200\" \/>\n\t<meta property=\"og:image:type\" content=\"image\/png\" \/>\n<meta name=\"twitter:card\" content=\"summary_large_image\" \/>\n<meta name=\"twitter:label1\" content=\"\u01af\u1edbc t\u00ednh th\u1eddi gian \u0111\u1ecdc\" \/>\n\t<meta name=\"twitter:data1\" content=\"1 ph\u00fat\" \/>\n<script type=\"application\/ld+json\" class=\"yoast-schema-graph\">{\"@context\":\"https:\/\/schema.org\",\"@graph\":[{\"@type\":\"WebPage\",\"@id\":\"https:\/\/vn.taokaenoiglobal.com\/vi\/product\/tom-yum-goong\/\",\"url\":\"https:\/\/vn.taokaenoiglobal.com\/vi\/product\/tom-yum-goong\/\",\"name\":\"[:en]Tom Yum Goong[:vi]Tom Yum Goong[:zh]\u539f\u5473[:] - Taokaenoi Global\",\"isPartOf\":{\"@id\":\"https:\/\/vn.taokaenoiglobal.com\/#website\"},\"primaryImageOfPage\":{\"@id\":\"https:\/\/vn.taokaenoiglobal.com\/vi\/product\/tom-yum-goong\/#primaryimage\"},\"image\":{\"@id\":\"https:\/\/vn.taokaenoiglobal.com\/vi\/product\/tom-yum-goong\/#primaryimage\"},\"thumbnailUrl\":\"https:\/\/vn.taokaenoiglobal.com\/wp-content\/uploads\/2022\/06\/Crispy-Seaweed-Tom-Yum-Goong-32G.png\",\"datePublished\":\"2022-06-29T09:42:11+00:00\",\"dateModified\":\"2022-07-19T09:00:33+00:00\",\"breadcrumb\":{\"@id\":\"https:\/\/vn.taokaenoiglobal.com\/vi\/product\/tom-yum-goong\/#breadcrumb\"},\"inLanguage\":\"vi\",\"potentialAction\":[{\"@type\":\"ReadAction\",\"target\":[\"https:\/\/vn.taokaenoiglobal.com\/vi\/product\/tom-yum-goong\/\"]}]},{\"@type\":\"ImageObject\",\"inLanguage\":\"vi\",\"@id\":\"https:\/\/vn.taokaenoiglobal.com\/vi\/product\/tom-yum-goong\/#primaryimage\",\"url\":\"https:\/\/vn.taokaenoiglobal.com\/wp-content\/uploads\/2022\/06\/Crispy-Seaweed-Tom-Yum-Goong-32G.png\",\"contentUrl\":\"https:\/\/vn.taokaenoiglobal.com\/wp-content\/uploads\/2022\/06\/Crispy-Seaweed-Tom-Yum-Goong-32G.png\",\"width\":1200,\"height\":1200},{\"@type\":\"BreadcrumbList\",\"@id\":\"https:\/\/vn.taokaenoiglobal.com\/vi\/product\/tom-yum-goong\/#breadcrumb\",\"itemListElement\":[{\"@type\":\"ListItem\",\"position\":1,\"name\":\"Home\",\"item\":\"https:\/\/vn.taokaenoiglobal.com\/\"},{\"@type\":\"ListItem\",\"position\":2,\"name\":\"Products\",\"item\":\"https:\/\/vn.taokaenoiglobal.com\/product\/\"},{\"@type\":\"ListItem\",\"position\":3,\"name\":\"Tom Yum Goong\"}]},{\"@type\":\"WebSite\",\"@id\":\"https:\/\/vn.taokaenoiglobal.com\/#website\",\"url\":\"https:\/\/vn.taokaenoiglobal.com\/\",\"name\":\"Taokaenoi Global\",\"description\":\"\",\"publisher\":{\"@id\":\"https:\/\/vn.taokaenoiglobal.com\/#organization\"},\"potentialAction\":[{\"@type\":\"SearchAction\",\"target\":{\"@type\":\"EntryPoint\",\"urlTemplate\":\"https:\/\/vn.taokaenoiglobal.com\/?s={search_term_string}\"},\"query-input\":{\"@type\":\"PropertyValueSpecification\",\"valueRequired\":true,\"valueName\":\"search_term_string\"}}],\"inLanguage\":\"vi\"},{\"@type\":\"Organization\",\"@id\":\"https:\/\/vn.taokaenoiglobal.com\/#organization\",\"name\":\"Taokaenoi Global\",\"url\":\"https:\/\/vn.taokaenoiglobal.com\/\",\"logo\":{\"@type\":\"ImageObject\",\"inLanguage\":\"vi\",\"@id\":\"https:\/\/vn.taokaenoiglobal.com\/#\/schema\/logo\/image\/\",\"url\":\"https:\/\/vn.taokaenoiglobal.com\/wp-content\/uploads\/2022\/08\/tkn-global-logo.jpg\",\"contentUrl\":\"https:\/\/vn.taokaenoiglobal.com\/wp-content\/uploads\/2022\/08\/tkn-global-logo.jpg\",\"width\":600,\"height\":600,\"caption\":\"Taokaenoi Global\"},\"image\":{\"@id\":\"https:\/\/vn.taokaenoiglobal.com\/#\/schema\/logo\/image\/\"}}]}<\/script>\n<!-- \/ Yoast SEO plugin. -->","yoast_head_json":{"title":"[:en]Tom Yum Goong[:vi]Tom Yum Goong[:zh]\u539f\u5473[:] - Taokaenoi Global","robots":{"index":"index","follow":"follow","max-snippet":"max-snippet:-1","max-image-preview":"max-image-preview:large","max-video-preview":"max-video-preview:-1"},"canonical":"https:\/\/vn.taokaenoiglobal.com\/vi\/product\/tom-yum-goong\/","og_locale":"vi_VN","og_type":"article","og_title":"[:en]Tom Yum Goong[:vi]Tom Yum Goong[:zh]\u539f\u5473[:] - Taokaenoi Global","og_description":"Rong bi\u1ec3n gi\u00f2n Taokaenoi v\u1edbi k\u00edch c\u1ee1 ph\u00f9 h\u1ee3p \u0111\u1ec3 nh\u00e2m nhi \u0103n v\u1eb7t. T\u1eebng mi\u1ebfng rong bi\u1ec3n \u0111\u01b0\u1ee3c t\u1ea9m \u01b0\u1edbp th\u01a1m ngon, v\u1edbi \u0111a d\u1ea1ng m\u00f9i v\u1ecb c\u00f3 s\u1eb3n tr\u00ean th\u1ecb tr\u01b0\u1eddng. Ch\u1ec9 c\u1ea7n c\u1eafn m\u1ed9t mi\u1ebfng rong bi\u1ec3n v\u1ecb Tom Yum l\u00e0 c\u00f3 th\u1ec3 th\u01b0\u1edfng th\u1ee9c h\u01b0\u01a1ng v\u1ecb Th\u00e1i Lan \u0111\u00fang \u0111i\u1ec7u.","og_url":"https:\/\/vn.taokaenoiglobal.com\/vi\/product\/tom-yum-goong\/","og_site_name":"Taokaenoi Global","article_modified_time":"2022-07-19T09:00:33+00:00","og_image":[{"width":1200,"height":1200,"url":"https:\/\/vn.taokaenoiglobal.com\/wp-content\/uploads\/2022\/06\/Crispy-Seaweed-Tom-Yum-Goong-32G.png","type":"image\/png"}],"twitter_card":"summary_large_image","twitter_misc":{"\u01af\u1edbc t\u00ednh th\u1eddi gian \u0111\u1ecdc":"1 ph\u00fat"},"schema":{"@context":"https:\/\/schema.org","@graph":[{"@type":"WebPage","@id":"https:\/\/vn.taokaenoiglobal.com\/vi\/product\/tom-yum-goong\/","url":"https:\/\/vn.taokaenoiglobal.com\/vi\/product\/tom-yum-goong\/","name":"[:en]Tom Yum Goong[:vi]Tom Yum Goong[:zh]\u539f\u5473[:] - Taokaenoi Global","isPartOf":{"@id":"https:\/\/vn.taokaenoiglobal.com\/#website"},"primaryImageOfPage":{"@id":"https:\/\/vn.taokaenoiglobal.com\/vi\/product\/tom-yum-goong\/#primaryimage"},"image":{"@id":"https:\/\/vn.taokaenoiglobal.com\/vi\/product\/tom-yum-goong\/#primaryimage"},"thumbnailUrl":"https:\/\/vn.taokaenoiglobal.com\/wp-content\/uploads\/2022\/06\/Crispy-Seaweed-Tom-Yum-Goong-32G.png","datePublished":"2022-06-29T09:42:11+00:00","dateModified":"2022-07-19T09:00:33+00:00","breadcrumb":{"@id":"https:\/\/vn.taokaenoiglobal.com\/vi\/product\/tom-yum-goong\/#breadcrumb"},"inLanguage":"vi","potentialAction":[{"@type":"ReadAction","target":["https:\/\/vn.taokaenoiglobal.com\/vi\/product\/tom-yum-goong\/"]}]},{"@type":"ImageObject","inLanguage":"vi","@id":"https:\/\/vn.taokaenoiglobal.com\/vi\/product\/tom-yum-goong\/#primaryimage","url":"https:\/\/vn.taokaenoiglobal.com\/wp-content\/uploads\/2022\/06\/Crispy-Seaweed-Tom-Yum-Goong-32G.png","contentUrl":"https:\/\/vn.taokaenoiglobal.com\/wp-content\/uploads\/2022\/06\/Crispy-Seaweed-Tom-Yum-Goong-32G.png","width":1200,"height":1200},{"@type":"BreadcrumbList","@id":"https:\/\/vn.taokaenoiglobal.com\/vi\/product\/tom-yum-goong\/#breadcrumb","itemListElement":[{"@type":"ListItem","position":1,"name":"Home","item":"https:\/\/vn.taokaenoiglobal.com\/"},{"@type":"ListItem","position":2,"name":"Products","item":"https:\/\/vn.taokaenoiglobal.com\/product\/"},{"@type":"ListItem","position":3,"name":"Tom Yum Goong"}]},{"@type":"WebSite","@id":"https:\/\/vn.taokaenoiglobal.com\/#website","url":"https:\/\/vn.taokaenoiglobal.com\/","name":"Taokaenoi Global","description":"","publisher":{"@id":"https:\/\/vn.taokaenoiglobal.com\/#organization"},"potentialAction":[{"@type":"SearchAction","target":{"@type":"EntryPoint","urlTemplate":"https:\/\/vn.taokaenoiglobal.com\/?s={search_term_string}"},"query-input":{"@type":"PropertyValueSpecification","valueRequired":true,"valueName":"search_term_string"}}],"inLanguage":"vi"},{"@type":"Organization","@id":"https:\/\/vn.taokaenoiglobal.com\/#organization","name":"Taokaenoi Global","url":"https:\/\/vn.taokaenoiglobal.com\/","logo":{"@type":"ImageObject","inLanguage":"vi","@id":"https:\/\/vn.taokaenoiglobal.com\/#\/schema\/logo\/image\/","url":"https:\/\/vn.taokaenoiglobal.com\/wp-content\/uploads\/2022\/08\/tkn-global-logo.jpg","contentUrl":"https:\/\/vn.taokaenoiglobal.com\/wp-content\/uploads\/2022\/08\/tkn-global-logo.jpg","width":600,"height":600,"caption":"Taokaenoi Global"},"image":{"@id":"https:\/\/vn.taokaenoiglobal.com\/#\/schema\/logo\/image\/"}}]}},"_links":{"self":[{"href":"https:\/\/vn.taokaenoiglobal.com\/vi\/wp-json\/wp\/v2\/product\/712","targetHints":{"allow":["GET"]}}],"collection":[{"href":"https:\/\/vn.taokaenoiglobal.com\/vi\/wp-json\/wp\/v2\/product"}],"about":[{"href":"https:\/\/vn.taokaenoiglobal.com\/vi\/wp-json\/wp\/v2\/types\/product"}],"wp:featuredmedia":[{"embeddable":true,"href":"https:\/\/vn.taokaenoiglobal.com\/vi\/wp-json\/wp\/v2\/media\/714"}],"wp:attachment":[{"href":"https:\/\/vn.taokaenoiglobal.com\/vi\/wp-json\/wp\/v2\/media?parent=712"}],"wp:term":[{"taxonomy":"product_cat","embeddable":true,"href":"https:\/\/vn.taokaenoiglobal.com\/vi\/wp-json\/wp\/v2\/product_cat?post=712"}],"curies":[{"name":"wp","href":"https:\/\/api.w.org\/{rel}","templated":true}]}}