{"id":717,"date":"2022-06-29T16:43:09","date_gmt":"2022-06-29T09:43:09","guid":{"rendered":"https:\/\/vn.taokaenoiglobal.com\/?post_type=product&#038;p=717"},"modified":"2022-06-30T12:05:15","modified_gmt":"2022-06-30T05:05:15","slug":"seafood","status":"publish","type":"product","link":"https:\/\/vn.taokaenoiglobal.com\/vi\/product\/seafood\/","title":{"rendered":"H\u1ea3i s\u1ea3n"},"content":{"rendered":"<p>Rong bi\u1ec3n gi\u00f2n Taokaenoi v\u1edbi k\u00edch c\u1ee1 ph\u00f9 h\u1ee3p \u0111\u1ec3 nh\u00e2m nhi \u0103n v\u1eb7t. T\u1eebng mi\u1ebfng rong bi\u1ec3n \u0111\u01b0\u1ee3c t\u1ea9m \u01b0\u1edbp th\u01a1m ngon, v\u1edbi \u0111a d\u1ea1ng m\u00f9i v\u1ecb c\u00f3 s\u1eb3n tr\u00ean th\u1ecb tr\u01b0\u1eddng.<\/p>\n<p><span data-sheets-value=\"{&quot;1&quot;:2,&quot;2&quot;:&quot;C\u1eafn th\u1eed m\u1ed9t mi\u1ebfng rong bi\u1ec3n gi\u00f2n \u0111\u1ec3 tr\u1ea3i nghi\u1ec7m c\u1ea3m gi\u00e1c nh\u01b0 \u0111ang th\u01b0\u1edfng th\u1ee9c h\u1ea3i s\u1ea3n ngay c\u1ea1nh bi\u1ec3n.&quot;}\" data-sheets-userformat=\"{&quot;2&quot;:14847,&quot;3&quot;:{&quot;1&quot;:0,&quot;3&quot;:1},&quot;4&quot;:{&quot;1&quot;:2,&quot;2&quot;:10207974},&quot;5&quot;:{&quot;1&quot;:[{&quot;1&quot;:2,&quot;2&quot;:0,&quot;5&quot;:{&quot;1&quot;:2,&quot;2&quot;:0}},{&quot;1&quot;:0,&quot;2&quot;:0,&quot;3&quot;:3},{&quot;1&quot;:1,&quot;2&quot;:0,&quot;4&quot;:1}]},&quot;6&quot;:{&quot;1&quot;:[{&quot;1&quot;:2,&quot;2&quot;:0,&quot;5&quot;:{&quot;1&quot;:2,&quot;2&quot;:0}},{&quot;1&quot;:0,&quot;2&quot;:0,&quot;3&quot;:3},{&quot;1&quot;:1,&quot;2&quot;:0,&quot;4&quot;:1}]},&quot;7&quot;:{&quot;1&quot;:[{&quot;1&quot;:2,&quot;2&quot;:0,&quot;5&quot;:{&quot;1&quot;:2,&quot;2&quot;:0}},{&quot;1&quot;:0,&quot;2&quot;:0,&quot;3&quot;:3},{&quot;1&quot;:1,&quot;2&quot;:0,&quot;4&quot;:1}]},&quot;8&quot;:{&quot;1&quot;:[{&quot;1&quot;:2,&quot;2&quot;:0,&quot;5&quot;:{&quot;1&quot;:2,&quot;2&quot;:0}},{&quot;1&quot;:0,&quot;2&quot;:0,&quot;3&quot;:3},{&quot;1&quot;:1,&quot;2&quot;:0,&quot;4&quot;:1}]},&quot;9&quot;:1,&quot;10&quot;:1,&quot;11&quot;:4,&quot;14&quot;:{&quot;1&quot;:3,&quot;3&quot;:1},&quot;15&quot;:&quot;Times New Roman&quot;,&quot;16&quot;:12}\">C\u1eafn th\u1eed m\u1ed9t mi\u1ebfng rong bi\u1ec3n gi\u00f2n \u0111\u1ec3 tr\u1ea3i nghi\u1ec7m c\u1ea3m gi\u00e1c nh\u01b0 \u0111ang th\u01b0\u1edfng th\u1ee9c h\u1ea3i s\u1ea3n ngay c\u1ea1nh bi\u1ec3n.<\/span><\/p>","protected":false},"featured_media":713,"template":"","product_cat":[5],"class_list":["post-717","product","type-product","status-publish","has-post-thumbnail","hentry","product_cat-crispyseaweed"],"acf":{"nutrition_data":[{"name":"Calo\/ N\u0103ng l\u01b0\u1ee3ng (Kcal)","value":"104"},{"name":"N\u0103ng l\u01b0\u1ee3ng t\u1eeb ch\u1ea5t b\u00e9o (Kcal)","value":"82"},{"name":"T\u1ed5ng ch\u1ea5t b\u00e9o (g)","value":"9.1"},{"name":"Ch\u1ea5t b\u00e9o b\u00e3o ho\u00e0 (g)","value":"3"},{"name":"Ch\u1ea5t b\u00e9o chuy\u1ec3n ho\u00e1 (g)","value":""},{"name":"Cholesterol (mg)","value":""},{"name":"Sodium (mg)","value":"144"},{"name":"T\u1ed5ng Carbohydrate, bao g\u1ed3m DF (g)","value":"2.8"},{"name":"Ch\u1ea5t x\u01a1 (g)","value":"2.4"},{"name":"\u0110\u01b0\u1eddng (g)","value":""},{"name":"Ch\u1ea5t \u0111\u1ea1m (Nx6.25) (g)","value":"2.9"},{"name":"Vitamin A (mcg.RE)","value":"333.26"},{"name":"Vitamin C (mg)","value":"1.26"},{"name":"Vitamin B1 (mg)","value":"0.02"},{"name":"Vitamin B2 (mg)","value":"0.21"},{"name":"S\u1eaft (mg)","value":"0.64"},{"name":"Canxi (mg)","value":"7.68"}],"seaweeds":{"position_a":false,"position_b":false},"product_sizes":false,"per_serving":"16G"},"yoast_head":"<!-- This site is optimized with the Yoast SEO plugin v24.6 - https:\/\/yoast.com\/wordpress\/plugins\/seo\/ -->\n<title>H\u1ea3i s\u1ea3n - Taokaenoi Global<\/title>\n<meta name=\"robots\" content=\"index, follow, max-snippet:-1, max-image-preview:large, max-video-preview:-1\" \/>\n<link rel=\"canonical\" href=\"https:\/\/vn.taokaenoiglobal.com\/product\/seafood\/\" \/>\n<meta property=\"og:locale\" content=\"vi_VN\" \/>\n<meta property=\"og:type\" content=\"article\" \/>\n<meta property=\"og:title\" content=\"[:en]Seafood[:vi]H\u1ea3i s\u1ea3n[:zh]\u539f\u5473[:] - Taokaenoi Global\" \/>\n<meta property=\"og:description\" content=\"Rong bi\u1ec3n gi\u00f2n Taokaenoi v\u1edbi k\u00edch c\u1ee1 ph\u00f9 h\u1ee3p \u0111\u1ec3 nh\u00e2m nhi \u0103n v\u1eb7t. T\u1eebng mi\u1ebfng rong bi\u1ec3n \u0111\u01b0\u1ee3c t\u1ea9m \u01b0\u1edbp th\u01a1m ngon, v\u1edbi \u0111a d\u1ea1ng m\u00f9i v\u1ecb c\u00f3 s\u1eb3n tr\u00ean th\u1ecb tr\u01b0\u1eddng. C\u1eafn th\u1eed m\u1ed9t mi\u1ebfng rong bi\u1ec3n gi\u00f2n \u0111\u1ec3 tr\u1ea3i nghi\u1ec7m c\u1ea3m gi\u00e1c nh\u01b0 \u0111ang th\u01b0\u1edfng th\u1ee9c h\u1ea3i s\u1ea3n ngay c\u1ea1nh bi\u1ec3n.\" \/>\n<meta property=\"og:url\" content=\"https:\/\/vn.taokaenoiglobal.com\/product\/seafood\/\" \/>\n<meta property=\"og:site_name\" content=\"Taokaenoi Global\" \/>\n<meta property=\"article:modified_time\" content=\"2022-06-30T05:05:15+00:00\" \/>\n<meta property=\"og:image\" content=\"https:\/\/vn.taokaenoiglobal.com\/wp-content\/uploads\/2022\/06\/Crispy-Seaweed-Seafood-32G.png\" \/>\n\t<meta property=\"og:image:width\" content=\"1200\" \/>\n\t<meta property=\"og:image:height\" content=\"1200\" \/>\n\t<meta property=\"og:image:type\" content=\"image\/png\" \/>\n<meta name=\"twitter:card\" content=\"summary_large_image\" \/>\n<meta name=\"twitter:label1\" content=\"\u01af\u1edbc t\u00ednh th\u1eddi gian \u0111\u1ecdc\" \/>\n\t<meta name=\"twitter:data1\" content=\"1 ph\u00fat\" \/>\n<script type=\"application\/ld+json\" class=\"yoast-schema-graph\">{\"@context\":\"https:\/\/schema.org\",\"@graph\":[{\"@type\":\"WebPage\",\"@id\":\"https:\/\/vn.taokaenoiglobal.com\/product\/seafood\/\",\"url\":\"https:\/\/vn.taokaenoiglobal.com\/product\/seafood\/\",\"name\":\"[:en]Seafood[:vi]H\u1ea3i s\u1ea3n[:zh]\u539f\u5473[:] - Taokaenoi Global\",\"isPartOf\":{\"@id\":\"https:\/\/vn.taokaenoiglobal.com\/#website\"},\"primaryImageOfPage\":{\"@id\":\"https:\/\/vn.taokaenoiglobal.com\/product\/seafood\/#primaryimage\"},\"image\":{\"@id\":\"https:\/\/vn.taokaenoiglobal.com\/product\/seafood\/#primaryimage\"},\"thumbnailUrl\":\"https:\/\/vn.taokaenoiglobal.com\/wp-content\/uploads\/2022\/06\/Crispy-Seaweed-Seafood-32G.png\",\"datePublished\":\"2022-06-29T09:43:09+00:00\",\"dateModified\":\"2022-06-30T05:05:15+00:00\",\"breadcrumb\":{\"@id\":\"https:\/\/vn.taokaenoiglobal.com\/product\/seafood\/#breadcrumb\"},\"inLanguage\":\"vi\",\"potentialAction\":[{\"@type\":\"ReadAction\",\"target\":[\"https:\/\/vn.taokaenoiglobal.com\/product\/seafood\/\"]}]},{\"@type\":\"ImageObject\",\"inLanguage\":\"vi\",\"@id\":\"https:\/\/vn.taokaenoiglobal.com\/product\/seafood\/#primaryimage\",\"url\":\"https:\/\/vn.taokaenoiglobal.com\/wp-content\/uploads\/2022\/06\/Crispy-Seaweed-Seafood-32G.png\",\"contentUrl\":\"https:\/\/vn.taokaenoiglobal.com\/wp-content\/uploads\/2022\/06\/Crispy-Seaweed-Seafood-32G.png\",\"width\":1200,\"height\":1200},{\"@type\":\"BreadcrumbList\",\"@id\":\"https:\/\/vn.taokaenoiglobal.com\/product\/seafood\/#breadcrumb\",\"itemListElement\":[{\"@type\":\"ListItem\",\"position\":1,\"name\":\"Home\",\"item\":\"https:\/\/vn.taokaenoiglobal.com\/\"},{\"@type\":\"ListItem\",\"position\":2,\"name\":\"Products\",\"item\":\"https:\/\/vn.taokaenoiglobal.com\/product\/\"},{\"@type\":\"ListItem\",\"position\":3,\"name\":\"Seafood\"}]},{\"@type\":\"WebSite\",\"@id\":\"https:\/\/vn.taokaenoiglobal.com\/#website\",\"url\":\"https:\/\/vn.taokaenoiglobal.com\/\",\"name\":\"Taokaenoi Global\",\"description\":\"\",\"publisher\":{\"@id\":\"https:\/\/vn.taokaenoiglobal.com\/#organization\"},\"potentialAction\":[{\"@type\":\"SearchAction\",\"target\":{\"@type\":\"EntryPoint\",\"urlTemplate\":\"https:\/\/vn.taokaenoiglobal.com\/?s={search_term_string}\"},\"query-input\":{\"@type\":\"PropertyValueSpecification\",\"valueRequired\":true,\"valueName\":\"search_term_string\"}}],\"inLanguage\":\"vi\"},{\"@type\":\"Organization\",\"@id\":\"https:\/\/vn.taokaenoiglobal.com\/#organization\",\"name\":\"Taokaenoi Global\",\"url\":\"https:\/\/vn.taokaenoiglobal.com\/\",\"logo\":{\"@type\":\"ImageObject\",\"inLanguage\":\"vi\",\"@id\":\"https:\/\/vn.taokaenoiglobal.com\/#\/schema\/logo\/image\/\",\"url\":\"https:\/\/vn.taokaenoiglobal.com\/wp-content\/uploads\/2022\/08\/tkn-global-logo.jpg\",\"contentUrl\":\"https:\/\/vn.taokaenoiglobal.com\/wp-content\/uploads\/2022\/08\/tkn-global-logo.jpg\",\"width\":600,\"height\":600,\"caption\":\"Taokaenoi Global\"},\"image\":{\"@id\":\"https:\/\/vn.taokaenoiglobal.com\/#\/schema\/logo\/image\/\"}}]}<\/script>\n<!-- \/ Yoast SEO plugin. -->","yoast_head_json":{"title":"[:en]Seafood[:vi]H\u1ea3i s\u1ea3n[:zh]\u539f\u5473[:] - Taokaenoi Global","robots":{"index":"index","follow":"follow","max-snippet":"max-snippet:-1","max-image-preview":"max-image-preview:large","max-video-preview":"max-video-preview:-1"},"canonical":"https:\/\/vn.taokaenoiglobal.com\/product\/seafood\/","og_locale":"vi_VN","og_type":"article","og_title":"[:en]Seafood[:vi]H\u1ea3i s\u1ea3n[:zh]\u539f\u5473[:] - Taokaenoi Global","og_description":"Rong bi\u1ec3n gi\u00f2n Taokaenoi v\u1edbi k\u00edch c\u1ee1 ph\u00f9 h\u1ee3p \u0111\u1ec3 nh\u00e2m nhi \u0103n v\u1eb7t. T\u1eebng mi\u1ebfng rong bi\u1ec3n \u0111\u01b0\u1ee3c t\u1ea9m \u01b0\u1edbp th\u01a1m ngon, v\u1edbi \u0111a d\u1ea1ng m\u00f9i v\u1ecb c\u00f3 s\u1eb3n tr\u00ean th\u1ecb tr\u01b0\u1eddng. C\u1eafn th\u1eed m\u1ed9t mi\u1ebfng rong bi\u1ec3n gi\u00f2n \u0111\u1ec3 tr\u1ea3i nghi\u1ec7m c\u1ea3m gi\u00e1c nh\u01b0 \u0111ang th\u01b0\u1edfng th\u1ee9c h\u1ea3i s\u1ea3n ngay c\u1ea1nh bi\u1ec3n.","og_url":"https:\/\/vn.taokaenoiglobal.com\/product\/seafood\/","og_site_name":"Taokaenoi Global","article_modified_time":"2022-06-30T05:05:15+00:00","og_image":[{"width":1200,"height":1200,"url":"https:\/\/vn.taokaenoiglobal.com\/wp-content\/uploads\/2022\/06\/Crispy-Seaweed-Seafood-32G.png","type":"image\/png"}],"twitter_card":"summary_large_image","twitter_misc":{"\u01af\u1edbc t\u00ednh th\u1eddi gian \u0111\u1ecdc":"1 ph\u00fat"},"schema":{"@context":"https:\/\/schema.org","@graph":[{"@type":"WebPage","@id":"https:\/\/vn.taokaenoiglobal.com\/product\/seafood\/","url":"https:\/\/vn.taokaenoiglobal.com\/product\/seafood\/","name":"[:en]Seafood[:vi]H\u1ea3i s\u1ea3n[:zh]\u539f\u5473[:] - Taokaenoi Global","isPartOf":{"@id":"https:\/\/vn.taokaenoiglobal.com\/#website"},"primaryImageOfPage":{"@id":"https:\/\/vn.taokaenoiglobal.com\/product\/seafood\/#primaryimage"},"image":{"@id":"https:\/\/vn.taokaenoiglobal.com\/product\/seafood\/#primaryimage"},"thumbnailUrl":"https:\/\/vn.taokaenoiglobal.com\/wp-content\/uploads\/2022\/06\/Crispy-Seaweed-Seafood-32G.png","datePublished":"2022-06-29T09:43:09+00:00","dateModified":"2022-06-30T05:05:15+00:00","breadcrumb":{"@id":"https:\/\/vn.taokaenoiglobal.com\/product\/seafood\/#breadcrumb"},"inLanguage":"vi","potentialAction":[{"@type":"ReadAction","target":["https:\/\/vn.taokaenoiglobal.com\/product\/seafood\/"]}]},{"@type":"ImageObject","inLanguage":"vi","@id":"https:\/\/vn.taokaenoiglobal.com\/product\/seafood\/#primaryimage","url":"https:\/\/vn.taokaenoiglobal.com\/wp-content\/uploads\/2022\/06\/Crispy-Seaweed-Seafood-32G.png","contentUrl":"https:\/\/vn.taokaenoiglobal.com\/wp-content\/uploads\/2022\/06\/Crispy-Seaweed-Seafood-32G.png","width":1200,"height":1200},{"@type":"BreadcrumbList","@id":"https:\/\/vn.taokaenoiglobal.com\/product\/seafood\/#breadcrumb","itemListElement":[{"@type":"ListItem","position":1,"name":"Home","item":"https:\/\/vn.taokaenoiglobal.com\/"},{"@type":"ListItem","position":2,"name":"Products","item":"https:\/\/vn.taokaenoiglobal.com\/product\/"},{"@type":"ListItem","position":3,"name":"Seafood"}]},{"@type":"WebSite","@id":"https:\/\/vn.taokaenoiglobal.com\/#website","url":"https:\/\/vn.taokaenoiglobal.com\/","name":"Taokaenoi Global","description":"","publisher":{"@id":"https:\/\/vn.taokaenoiglobal.com\/#organization"},"potentialAction":[{"@type":"SearchAction","target":{"@type":"EntryPoint","urlTemplate":"https:\/\/vn.taokaenoiglobal.com\/?s={search_term_string}"},"query-input":{"@type":"PropertyValueSpecification","valueRequired":true,"valueName":"search_term_string"}}],"inLanguage":"vi"},{"@type":"Organization","@id":"https:\/\/vn.taokaenoiglobal.com\/#organization","name":"Taokaenoi Global","url":"https:\/\/vn.taokaenoiglobal.com\/","logo":{"@type":"ImageObject","inLanguage":"vi","@id":"https:\/\/vn.taokaenoiglobal.com\/#\/schema\/logo\/image\/","url":"https:\/\/vn.taokaenoiglobal.com\/wp-content\/uploads\/2022\/08\/tkn-global-logo.jpg","contentUrl":"https:\/\/vn.taokaenoiglobal.com\/wp-content\/uploads\/2022\/08\/tkn-global-logo.jpg","width":600,"height":600,"caption":"Taokaenoi Global"},"image":{"@id":"https:\/\/vn.taokaenoiglobal.com\/#\/schema\/logo\/image\/"}}]}},"_links":{"self":[{"href":"https:\/\/vn.taokaenoiglobal.com\/vi\/wp-json\/wp\/v2\/product\/717","targetHints":{"allow":["GET"]}}],"collection":[{"href":"https:\/\/vn.taokaenoiglobal.com\/vi\/wp-json\/wp\/v2\/product"}],"about":[{"href":"https:\/\/vn.taokaenoiglobal.com\/vi\/wp-json\/wp\/v2\/types\/product"}],"wp:featuredmedia":[{"embeddable":true,"href":"https:\/\/vn.taokaenoiglobal.com\/vi\/wp-json\/wp\/v2\/media\/713"}],"wp:attachment":[{"href":"https:\/\/vn.taokaenoiglobal.com\/vi\/wp-json\/wp\/v2\/media?parent=717"}],"wp:term":[{"taxonomy":"product_cat","embeddable":true,"href":"https:\/\/vn.taokaenoiglobal.com\/vi\/wp-json\/wp\/v2\/product_cat?post=717"}],"curies":[{"name":"wp","href":"https:\/\/api.w.org\/{rel}","templated":true}]}}