{"id":727,"date":"2022-06-29T16:46:47","date_gmt":"2022-06-29T09:46:47","guid":{"rendered":"https:\/\/vn.taokaenoiglobal.com\/?post_type=product&#038;p=727"},"modified":"2022-06-30T12:07:21","modified_gmt":"2022-06-30T05:07:21","slug":"spicy","status":"publish","type":"product","link":"https:\/\/vn.taokaenoiglobal.com\/vi\/product\/spicy\/","title":{"rendered":"Cay"},"content":{"rendered":"<p><span data-sheets-value=\"{&quot;1&quot;:2,&quot;2&quot;:&quot;Big Sheet \u0111\u01b0\u1ee3c mang \u0111\u1ebfn v\u1edbi \u00fd t\u01b0\u1edfng \\&quot;Tho\u1ea3i m\u00e1i c\u00f9ng Mi\u1ebfng To\\&quot;. V\u1edbi ch\u1ea5t l\u01b0\u1ee3ng t\u01b0\u01a1ng t\u1ef1 nh\u01b0 Rong bi\u1ec3n si\u00eau gi\u00f2n Taokaenoi, Big Sheet mang \u0111\u1ebfn mi\u1ebfng rong bi\u1ec3n to h\u01a1n, l\u00e0 m\u00f3n \u0103n v\u1eb7t m\u00e0 ai c\u0169ng th\u00edch th\u00fa.&quot;}\" data-sheets-userformat=\"{&quot;2&quot;:14847,&quot;3&quot;:{&quot;1&quot;:0,&quot;3&quot;:1},&quot;4&quot;:{&quot;1&quot;:2,&quot;2&quot;:16573901},&quot;5&quot;:{&quot;1&quot;:[{&quot;1&quot;:2,&quot;2&quot;:0,&quot;5&quot;:{&quot;1&quot;:2,&quot;2&quot;:0}},{&quot;1&quot;:0,&quot;2&quot;:0,&quot;3&quot;:3},{&quot;1&quot;:1,&quot;2&quot;:0,&quot;4&quot;:1}]},&quot;6&quot;:{&quot;1&quot;:[{&quot;1&quot;:2,&quot;2&quot;:0,&quot;5&quot;:{&quot;1&quot;:2,&quot;2&quot;:0}},{&quot;1&quot;:0,&quot;2&quot;:0,&quot;3&quot;:3},{&quot;1&quot;:1,&quot;2&quot;:0,&quot;4&quot;:1}]},&quot;7&quot;:{&quot;1&quot;:[{&quot;1&quot;:2,&quot;2&quot;:0,&quot;5&quot;:{&quot;1&quot;:2,&quot;2&quot;:0}},{&quot;1&quot;:0,&quot;2&quot;:0,&quot;3&quot;:3},{&quot;1&quot;:1,&quot;2&quot;:0,&quot;4&quot;:1}]},&quot;8&quot;:{&quot;1&quot;:[{&quot;1&quot;:2,&quot;2&quot;:0,&quot;5&quot;:{&quot;1&quot;:2,&quot;2&quot;:0}},{&quot;1&quot;:0,&quot;2&quot;:0,&quot;3&quot;:3},{&quot;1&quot;:1,&quot;2&quot;:0,&quot;4&quot;:1}]},&quot;9&quot;:1,&quot;10&quot;:1,&quot;11&quot;:4,&quot;14&quot;:{&quot;1&quot;:3,&quot;3&quot;:1},&quot;15&quot;:&quot;Times New Roman&quot;,&quot;16&quot;:12}\">Big Sheet \u0111\u01b0\u1ee3c mang \u0111\u1ebfn v\u1edbi \u00fd t\u01b0\u1edfng &#8220;Tho\u1ea3i m\u00e1i c\u00f9ng Mi\u1ebfng To&#8221;. V\u1edbi ch\u1ea5t l\u01b0\u1ee3ng t\u01b0\u01a1ng t\u1ef1 nh\u01b0 Rong bi\u1ec3n si\u00eau gi\u00f2n Taokaenoi, Big Sheet mang \u0111\u1ebfn mi\u1ebfng rong bi\u1ec3n to h\u01a1n, l\u00e0 m\u00f3n \u0103n v\u1eb7t m\u00e0 ai c\u0169ng th\u00edch th\u00fa.<\/span><\/p>\n<p><span data-sheets-value=\"{&quot;1&quot;:2,&quot;2&quot;:&quot;Rong bi\u1ec3n v\u1ecb cay n\u00f3ng, nh\u01b0ng kh\u00f4ng qu\u00e1 cay, th\u00edch h\u1ee3p \u0111\u1ec3 nh\u00e2m nhi nh\u1eefng khi nh\u00e0n r\u1ed7i.&quot;}\" data-sheets-userformat=\"{&quot;2&quot;:14847,&quot;3&quot;:{&quot;1&quot;:0,&quot;3&quot;:1},&quot;4&quot;:{&quot;1&quot;:2,&quot;2&quot;:16573901},&quot;5&quot;:{&quot;1&quot;:[{&quot;1&quot;:2,&quot;2&quot;:0,&quot;5&quot;:{&quot;1&quot;:2,&quot;2&quot;:0}},{&quot;1&quot;:0,&quot;2&quot;:0,&quot;3&quot;:3},{&quot;1&quot;:1,&quot;2&quot;:0,&quot;4&quot;:1}]},&quot;6&quot;:{&quot;1&quot;:[{&quot;1&quot;:2,&quot;2&quot;:0,&quot;5&quot;:{&quot;1&quot;:2,&quot;2&quot;:0}},{&quot;1&quot;:0,&quot;2&quot;:0,&quot;3&quot;:3},{&quot;1&quot;:1,&quot;2&quot;:0,&quot;4&quot;:1}]},&quot;7&quot;:{&quot;1&quot;:[{&quot;1&quot;:2,&quot;2&quot;:0,&quot;5&quot;:{&quot;1&quot;:2,&quot;2&quot;:0}},{&quot;1&quot;:0,&quot;2&quot;:0,&quot;3&quot;:3},{&quot;1&quot;:1,&quot;2&quot;:0,&quot;4&quot;:1}]},&quot;8&quot;:{&quot;1&quot;:[{&quot;1&quot;:2,&quot;2&quot;:0,&quot;5&quot;:{&quot;1&quot;:2,&quot;2&quot;:0}},{&quot;1&quot;:0,&quot;2&quot;:0,&quot;3&quot;:3},{&quot;1&quot;:1,&quot;2&quot;:0,&quot;4&quot;:1}]},&quot;9&quot;:1,&quot;10&quot;:1,&quot;11&quot;:4,&quot;14&quot;:{&quot;1&quot;:3,&quot;3&quot;:1},&quot;15&quot;:&quot;Times New Roman&quot;,&quot;16&quot;:12}\">Rong bi\u1ec3n v\u1ecb cay n\u00f3ng, nh\u01b0ng kh\u00f4ng qu\u00e1 cay, th\u00edch h\u1ee3p \u0111\u1ec3 nh\u00e2m nhi nh\u1eefng khi nh\u00e0n r\u1ed7i.<\/span><\/p>","protected":false},"featured_media":726,"template":"","product_cat":[6],"class_list":["post-727","product","type-product","status-publish","has-post-thumbnail","hentry","product_cat-bigsheet"],"acf":{"nutrition_data":[{"name":"Calo\/ N\u0103ng l\u01b0\u1ee3ng (Kcal)","value":"21"},{"name":"N\u0103ng l\u01b0\u1ee3ng t\u1eeb ch\u1ea5t b\u00e9o (Kcal)","value":"17"},{"name":"T\u1ed5ng ch\u1ea5t b\u00e9o (g)","value":"1.8"},{"name":"Ch\u1ea5t b\u00e9o b\u00e3o ho\u00e0 (g)","value":"0.6"},{"name":"Ch\u1ea5t b\u00e9o chuy\u1ec3n ho\u00e1 (g)","value":""},{"name":"Cholesterol (mg)","value":""},{"name":"Sodium (mg)","value":"21"},{"name":"T\u1ed5ng Carbohydrate, bao g\u1ed3m DF (g)","value":"0.6"},{"name":"Ch\u1ea5t x\u01a1 (g)","value":"0.5"},{"name":"\u0110\u01b0\u1eddng (g)","value":""},{"name":"Ch\u1ea5t \u0111\u1ea1m (Nx6.25) (g)","value":"0.5"},{"name":"Vitamin A (mcg.RE)","value":"56.61"},{"name":"Vitamin C (mg)","value":"0.21"},{"name":"Vitamin B1 (mg)","value":""},{"name":"Vitamin B2 (mg)","value":"0.04"},{"name":"S\u1eaft (mg)","value":"0.13"},{"name":"Canxi (mg)","value":"1.66"}],"seaweeds":{"position_a":false,"position_b":false},"product_sizes":false,"per_serving":"3.2G"},"yoast_head":"<!-- This site is optimized with the Yoast SEO plugin v24.6 - https:\/\/yoast.com\/wordpress\/plugins\/seo\/ -->\n<title>Cay - Taokaenoi Global<\/title>\n<meta name=\"robots\" content=\"index, follow, max-snippet:-1, max-image-preview:large, max-video-preview:-1\" \/>\n<link rel=\"canonical\" href=\"https:\/\/vn.taokaenoiglobal.com\/product\/spicy\/\" \/>\n<meta property=\"og:locale\" content=\"vi_VN\" \/>\n<meta property=\"og:type\" content=\"article\" \/>\n<meta property=\"og:title\" content=\"[:en]Spicy[:vi]Cay[:zh]\u539f\u5473[:] - Taokaenoi Global\" \/>\n<meta property=\"og:description\" content=\"Big Sheet \u0111\u01b0\u1ee3c mang \u0111\u1ebfn v\u1edbi \u00fd t\u01b0\u1edfng &#8220;Tho\u1ea3i m\u00e1i c\u00f9ng Mi\u1ebfng To&#8221;. V\u1edbi ch\u1ea5t l\u01b0\u1ee3ng t\u01b0\u01a1ng t\u1ef1 nh\u01b0 Rong bi\u1ec3n si\u00eau gi\u00f2n Taokaenoi, Big Sheet mang \u0111\u1ebfn mi\u1ebfng rong bi\u1ec3n to h\u01a1n, l\u00e0 m\u00f3n \u0103n v\u1eb7t m\u00e0 ai c\u0169ng th\u00edch th\u00fa. Rong bi\u1ec3n v\u1ecb cay n\u00f3ng, nh\u01b0ng kh\u00f4ng qu\u00e1 cay, th\u00edch h\u1ee3p \u0111\u1ec3 nh\u00e2m [&hellip;]\" \/>\n<meta property=\"og:url\" content=\"https:\/\/vn.taokaenoiglobal.com\/product\/spicy\/\" \/>\n<meta property=\"og:site_name\" content=\"Taokaenoi Global\" \/>\n<meta property=\"article:modified_time\" content=\"2022-06-30T05:07:21+00:00\" \/>\n<meta property=\"og:image\" content=\"https:\/\/vn.taokaenoiglobal.com\/wp-content\/uploads\/2022\/06\/Big-Sheet-Spicy.png\" \/>\n\t<meta property=\"og:image:width\" content=\"1200\" \/>\n\t<meta property=\"og:image:height\" content=\"1200\" \/>\n\t<meta property=\"og:image:type\" content=\"image\/png\" \/>\n<meta name=\"twitter:card\" content=\"summary_large_image\" \/>\n<meta name=\"twitter:label1\" content=\"\u01af\u1edbc t\u00ednh th\u1eddi gian \u0111\u1ecdc\" \/>\n\t<meta name=\"twitter:data1\" content=\"1 ph\u00fat\" \/>\n<script type=\"application\/ld+json\" class=\"yoast-schema-graph\">{\"@context\":\"https:\/\/schema.org\",\"@graph\":[{\"@type\":\"WebPage\",\"@id\":\"https:\/\/vn.taokaenoiglobal.com\/product\/spicy\/\",\"url\":\"https:\/\/vn.taokaenoiglobal.com\/product\/spicy\/\",\"name\":\"[:en]Spicy[:vi]Cay[:zh]\u539f\u5473[:] - Taokaenoi Global\",\"isPartOf\":{\"@id\":\"https:\/\/vn.taokaenoiglobal.com\/#website\"},\"primaryImageOfPage\":{\"@id\":\"https:\/\/vn.taokaenoiglobal.com\/product\/spicy\/#primaryimage\"},\"image\":{\"@id\":\"https:\/\/vn.taokaenoiglobal.com\/product\/spicy\/#primaryimage\"},\"thumbnailUrl\":\"https:\/\/vn.taokaenoiglobal.com\/wp-content\/uploads\/2022\/06\/Big-Sheet-Spicy.png\",\"datePublished\":\"2022-06-29T09:46:47+00:00\",\"dateModified\":\"2022-06-30T05:07:21+00:00\",\"breadcrumb\":{\"@id\":\"https:\/\/vn.taokaenoiglobal.com\/product\/spicy\/#breadcrumb\"},\"inLanguage\":\"vi\",\"potentialAction\":[{\"@type\":\"ReadAction\",\"target\":[\"https:\/\/vn.taokaenoiglobal.com\/product\/spicy\/\"]}]},{\"@type\":\"ImageObject\",\"inLanguage\":\"vi\",\"@id\":\"https:\/\/vn.taokaenoiglobal.com\/product\/spicy\/#primaryimage\",\"url\":\"https:\/\/vn.taokaenoiglobal.com\/wp-content\/uploads\/2022\/06\/Big-Sheet-Spicy.png\",\"contentUrl\":\"https:\/\/vn.taokaenoiglobal.com\/wp-content\/uploads\/2022\/06\/Big-Sheet-Spicy.png\",\"width\":1200,\"height\":1200},{\"@type\":\"BreadcrumbList\",\"@id\":\"https:\/\/vn.taokaenoiglobal.com\/product\/spicy\/#breadcrumb\",\"itemListElement\":[{\"@type\":\"ListItem\",\"position\":1,\"name\":\"Home\",\"item\":\"https:\/\/vn.taokaenoiglobal.com\/\"},{\"@type\":\"ListItem\",\"position\":2,\"name\":\"Products\",\"item\":\"https:\/\/vn.taokaenoiglobal.com\/product\/\"},{\"@type\":\"ListItem\",\"position\":3,\"name\":\"Spicy\"}]},{\"@type\":\"WebSite\",\"@id\":\"https:\/\/vn.taokaenoiglobal.com\/#website\",\"url\":\"https:\/\/vn.taokaenoiglobal.com\/\",\"name\":\"Taokaenoi Global\",\"description\":\"\",\"publisher\":{\"@id\":\"https:\/\/vn.taokaenoiglobal.com\/#organization\"},\"potentialAction\":[{\"@type\":\"SearchAction\",\"target\":{\"@type\":\"EntryPoint\",\"urlTemplate\":\"https:\/\/vn.taokaenoiglobal.com\/?s={search_term_string}\"},\"query-input\":{\"@type\":\"PropertyValueSpecification\",\"valueRequired\":true,\"valueName\":\"search_term_string\"}}],\"inLanguage\":\"vi\"},{\"@type\":\"Organization\",\"@id\":\"https:\/\/vn.taokaenoiglobal.com\/#organization\",\"name\":\"Taokaenoi Global\",\"url\":\"https:\/\/vn.taokaenoiglobal.com\/\",\"logo\":{\"@type\":\"ImageObject\",\"inLanguage\":\"vi\",\"@id\":\"https:\/\/vn.taokaenoiglobal.com\/#\/schema\/logo\/image\/\",\"url\":\"https:\/\/vn.taokaenoiglobal.com\/wp-content\/uploads\/2022\/08\/tkn-global-logo.jpg\",\"contentUrl\":\"https:\/\/vn.taokaenoiglobal.com\/wp-content\/uploads\/2022\/08\/tkn-global-logo.jpg\",\"width\":600,\"height\":600,\"caption\":\"Taokaenoi Global\"},\"image\":{\"@id\":\"https:\/\/vn.taokaenoiglobal.com\/#\/schema\/logo\/image\/\"}}]}<\/script>\n<!-- \/ Yoast SEO plugin. -->","yoast_head_json":{"title":"[:en]Spicy[:vi]Cay[:zh]\u539f\u5473[:] - Taokaenoi Global","robots":{"index":"index","follow":"follow","max-snippet":"max-snippet:-1","max-image-preview":"max-image-preview:large","max-video-preview":"max-video-preview:-1"},"canonical":"https:\/\/vn.taokaenoiglobal.com\/product\/spicy\/","og_locale":"vi_VN","og_type":"article","og_title":"[:en]Spicy[:vi]Cay[:zh]\u539f\u5473[:] - Taokaenoi Global","og_description":"Big Sheet \u0111\u01b0\u1ee3c mang \u0111\u1ebfn v\u1edbi \u00fd t\u01b0\u1edfng &#8220;Tho\u1ea3i m\u00e1i c\u00f9ng Mi\u1ebfng To&#8221;. V\u1edbi ch\u1ea5t l\u01b0\u1ee3ng t\u01b0\u01a1ng t\u1ef1 nh\u01b0 Rong bi\u1ec3n si\u00eau gi\u00f2n Taokaenoi, Big Sheet mang \u0111\u1ebfn mi\u1ebfng rong bi\u1ec3n to h\u01a1n, l\u00e0 m\u00f3n \u0103n v\u1eb7t m\u00e0 ai c\u0169ng th\u00edch th\u00fa. Rong bi\u1ec3n v\u1ecb cay n\u00f3ng, nh\u01b0ng kh\u00f4ng qu\u00e1 cay, th\u00edch h\u1ee3p \u0111\u1ec3 nh\u00e2m [&hellip;]","og_url":"https:\/\/vn.taokaenoiglobal.com\/product\/spicy\/","og_site_name":"Taokaenoi Global","article_modified_time":"2022-06-30T05:07:21+00:00","og_image":[{"width":1200,"height":1200,"url":"https:\/\/vn.taokaenoiglobal.com\/wp-content\/uploads\/2022\/06\/Big-Sheet-Spicy.png","type":"image\/png"}],"twitter_card":"summary_large_image","twitter_misc":{"\u01af\u1edbc t\u00ednh th\u1eddi gian \u0111\u1ecdc":"1 ph\u00fat"},"schema":{"@context":"https:\/\/schema.org","@graph":[{"@type":"WebPage","@id":"https:\/\/vn.taokaenoiglobal.com\/product\/spicy\/","url":"https:\/\/vn.taokaenoiglobal.com\/product\/spicy\/","name":"[:en]Spicy[:vi]Cay[:zh]\u539f\u5473[:] - Taokaenoi Global","isPartOf":{"@id":"https:\/\/vn.taokaenoiglobal.com\/#website"},"primaryImageOfPage":{"@id":"https:\/\/vn.taokaenoiglobal.com\/product\/spicy\/#primaryimage"},"image":{"@id":"https:\/\/vn.taokaenoiglobal.com\/product\/spicy\/#primaryimage"},"thumbnailUrl":"https:\/\/vn.taokaenoiglobal.com\/wp-content\/uploads\/2022\/06\/Big-Sheet-Spicy.png","datePublished":"2022-06-29T09:46:47+00:00","dateModified":"2022-06-30T05:07:21+00:00","breadcrumb":{"@id":"https:\/\/vn.taokaenoiglobal.com\/product\/spicy\/#breadcrumb"},"inLanguage":"vi","potentialAction":[{"@type":"ReadAction","target":["https:\/\/vn.taokaenoiglobal.com\/product\/spicy\/"]}]},{"@type":"ImageObject","inLanguage":"vi","@id":"https:\/\/vn.taokaenoiglobal.com\/product\/spicy\/#primaryimage","url":"https:\/\/vn.taokaenoiglobal.com\/wp-content\/uploads\/2022\/06\/Big-Sheet-Spicy.png","contentUrl":"https:\/\/vn.taokaenoiglobal.com\/wp-content\/uploads\/2022\/06\/Big-Sheet-Spicy.png","width":1200,"height":1200},{"@type":"BreadcrumbList","@id":"https:\/\/vn.taokaenoiglobal.com\/product\/spicy\/#breadcrumb","itemListElement":[{"@type":"ListItem","position":1,"name":"Home","item":"https:\/\/vn.taokaenoiglobal.com\/"},{"@type":"ListItem","position":2,"name":"Products","item":"https:\/\/vn.taokaenoiglobal.com\/product\/"},{"@type":"ListItem","position":3,"name":"Spicy"}]},{"@type":"WebSite","@id":"https:\/\/vn.taokaenoiglobal.com\/#website","url":"https:\/\/vn.taokaenoiglobal.com\/","name":"Taokaenoi Global","description":"","publisher":{"@id":"https:\/\/vn.taokaenoiglobal.com\/#organization"},"potentialAction":[{"@type":"SearchAction","target":{"@type":"EntryPoint","urlTemplate":"https:\/\/vn.taokaenoiglobal.com\/?s={search_term_string}"},"query-input":{"@type":"PropertyValueSpecification","valueRequired":true,"valueName":"search_term_string"}}],"inLanguage":"vi"},{"@type":"Organization","@id":"https:\/\/vn.taokaenoiglobal.com\/#organization","name":"Taokaenoi Global","url":"https:\/\/vn.taokaenoiglobal.com\/","logo":{"@type":"ImageObject","inLanguage":"vi","@id":"https:\/\/vn.taokaenoiglobal.com\/#\/schema\/logo\/image\/","url":"https:\/\/vn.taokaenoiglobal.com\/wp-content\/uploads\/2022\/08\/tkn-global-logo.jpg","contentUrl":"https:\/\/vn.taokaenoiglobal.com\/wp-content\/uploads\/2022\/08\/tkn-global-logo.jpg","width":600,"height":600,"caption":"Taokaenoi Global"},"image":{"@id":"https:\/\/vn.taokaenoiglobal.com\/#\/schema\/logo\/image\/"}}]}},"_links":{"self":[{"href":"https:\/\/vn.taokaenoiglobal.com\/vi\/wp-json\/wp\/v2\/product\/727","targetHints":{"allow":["GET"]}}],"collection":[{"href":"https:\/\/vn.taokaenoiglobal.com\/vi\/wp-json\/wp\/v2\/product"}],"about":[{"href":"https:\/\/vn.taokaenoiglobal.com\/vi\/wp-json\/wp\/v2\/types\/product"}],"wp:featuredmedia":[{"embeddable":true,"href":"https:\/\/vn.taokaenoiglobal.com\/vi\/wp-json\/wp\/v2\/media\/726"}],"wp:attachment":[{"href":"https:\/\/vn.taokaenoiglobal.com\/vi\/wp-json\/wp\/v2\/media?parent=727"}],"wp:term":[{"taxonomy":"product_cat","embeddable":true,"href":"https:\/\/vn.taokaenoiglobal.com\/vi\/wp-json\/wp\/v2\/product_cat?post=727"}],"curies":[{"name":"wp","href":"https:\/\/api.w.org\/{rel}","templated":true}]}}