{"id":738,"date":"2022-06-29T16:52:15","date_gmt":"2022-06-29T09:52:15","guid":{"rendered":"https:\/\/vn.taokaenoiglobal.com\/?post_type=product&#038;p=738"},"modified":"2022-07-19T16:02:41","modified_gmt":"2022-07-19T09:02:41","slug":"classic-3","status":"publish","type":"product","link":"https:\/\/vn.taokaenoiglobal.com\/vi\/product\/classic-3\/","title":{"rendered":"Truy\u1ec1n th\u1ed1ng"},"content":{"rendered":"<p><span data-sheets-value=\"{&quot;1&quot;:2,&quot;2&quot;:&quot;V\u1edbi \u00fd t\u01b0\u1edfng \\&quot;Mi\u1ebfng to, V\u1ecb ngon, B\u00f9ng n\u1ed5\\&quot;, rong bi\u1ec3n Big Bang \u0111\u01b0\u1ee3c ch\u1ebf bi\u1ebfn v\u1edbi quy tr\u00ecnh n\u01b0\u1edbng chuy\u00ean bi\u1ec7t l\u00e0m cho rong bi\u1ec3n gi\u00f2n v\u00e0 gi\u00f2n h\u01a1n c\u00f9ng k\u00edch th\u01b0\u1edbc m\u1ed7i mi\u1ebfng si\u00eau to kh\u1ed5ng l\u1ed3.&quot;}\" data-sheets-userformat=\"{&quot;2&quot;:14847,&quot;3&quot;:{&quot;1&quot;:0,&quot;3&quot;:1},&quot;4&quot;:{&quot;1&quot;:2,&quot;2&quot;:16573654},&quot;5&quot;:{&quot;1&quot;:[{&quot;1&quot;:2,&quot;2&quot;:0,&quot;5&quot;:{&quot;1&quot;:2,&quot;2&quot;:0}},{&quot;1&quot;:0,&quot;2&quot;:0,&quot;3&quot;:3},{&quot;1&quot;:1,&quot;2&quot;:0,&quot;4&quot;:1}]},&quot;6&quot;:{&quot;1&quot;:[{&quot;1&quot;:2,&quot;2&quot;:0,&quot;5&quot;:{&quot;1&quot;:2,&quot;2&quot;:0}},{&quot;1&quot;:0,&quot;2&quot;:0,&quot;3&quot;:3},{&quot;1&quot;:1,&quot;2&quot;:0,&quot;4&quot;:1}]},&quot;7&quot;:{&quot;1&quot;:[{&quot;1&quot;:2,&quot;2&quot;:0,&quot;5&quot;:{&quot;1&quot;:2,&quot;2&quot;:0}},{&quot;1&quot;:0,&quot;2&quot;:0,&quot;3&quot;:3},{&quot;1&quot;:1,&quot;2&quot;:0,&quot;4&quot;:1}]},&quot;8&quot;:{&quot;1&quot;:[{&quot;1&quot;:2,&quot;2&quot;:0,&quot;5&quot;:{&quot;1&quot;:2,&quot;2&quot;:0}},{&quot;1&quot;:0,&quot;2&quot;:0,&quot;3&quot;:3},{&quot;1&quot;:1,&quot;2&quot;:0,&quot;4&quot;:1}]},&quot;9&quot;:1,&quot;10&quot;:1,&quot;11&quot;:4,&quot;14&quot;:{&quot;1&quot;:3,&quot;3&quot;:1},&quot;15&quot;:&quot;Times New Roman&quot;,&quot;16&quot;:12}\">V\u1edbi \u00fd t\u01b0\u1edfng &#8220;Mi\u1ebfng to, V\u1ecb ngon, B\u00f9ng n\u1ed5&#8221;, rong bi\u1ec3n Big Bang \u0111\u01b0\u1ee3c ch\u1ebf bi\u1ebfn v\u1edbi quy tr\u00ecnh n\u01b0\u1edbng chuy\u00ean bi\u1ec7t l\u00e0m cho rong bi\u1ec3n gi\u00f2n v\u00e0 gi\u00f2n h\u01a1n c\u00f9ng k\u00edch th\u01b0\u1edbc m\u1ed7i mi\u1ebfng si\u00eau to kh\u1ed5ng l\u1ed3.<\/span><\/p>\n<p><span data-sheets-value=\"{&quot;1&quot;:2,&quot;2&quot;:&quot;Rong bi\u1ec3n v\u1ecb truy\u1ec1n th\u1ed1ng \u0111\u01b0\u1ee3c l\u00e0m t\u1eeb rong bi\u1ec3n ch\u1ea5t l\u01b0\u1ee3ng gi\u1eef l\u1ea1i h\u01b0\u01a1ng v\u1ecb rong bi\u1ec3n nguy\u00ean b\u1ea3n.&quot;}\" data-sheets-userformat=\"{&quot;2&quot;:14847,&quot;3&quot;:{&quot;1&quot;:0,&quot;3&quot;:1},&quot;4&quot;:{&quot;1&quot;:2,&quot;2&quot;:14279154},&quot;5&quot;:{&quot;1&quot;:[{&quot;1&quot;:2,&quot;2&quot;:0,&quot;5&quot;:{&quot;1&quot;:2,&quot;2&quot;:0}},{&quot;1&quot;:0,&quot;2&quot;:0,&quot;3&quot;:3},{&quot;1&quot;:1,&quot;2&quot;:0,&quot;4&quot;:1}]},&quot;6&quot;:{&quot;1&quot;:[{&quot;1&quot;:2,&quot;2&quot;:0,&quot;5&quot;:{&quot;1&quot;:2,&quot;2&quot;:0}},{&quot;1&quot;:0,&quot;2&quot;:0,&quot;3&quot;:3},{&quot;1&quot;:1,&quot;2&quot;:0,&quot;4&quot;:1}]},&quot;7&quot;:{&quot;1&quot;:[{&quot;1&quot;:2,&quot;2&quot;:0,&quot;5&quot;:{&quot;1&quot;:2,&quot;2&quot;:0}},{&quot;1&quot;:0,&quot;2&quot;:0,&quot;3&quot;:3},{&quot;1&quot;:1,&quot;2&quot;:0,&quot;4&quot;:1}]},&quot;8&quot;:{&quot;1&quot;:[{&quot;1&quot;:2,&quot;2&quot;:0,&quot;5&quot;:{&quot;1&quot;:2,&quot;2&quot;:0}},{&quot;1&quot;:0,&quot;2&quot;:0,&quot;3&quot;:3},{&quot;1&quot;:1,&quot;2&quot;:0,&quot;4&quot;:1}]},&quot;9&quot;:1,&quot;10&quot;:1,&quot;11&quot;:4,&quot;14&quot;:{&quot;1&quot;:3,&quot;3&quot;:1},&quot;15&quot;:&quot;Times New Roman&quot;,&quot;16&quot;:12}\">Rong bi\u1ec3n v\u1ecb truy\u1ec1n th\u1ed1ng \u0111\u01b0\u1ee3c l\u00e0m t\u1eeb rong bi\u1ec3n ch\u1ea5t l\u01b0\u1ee3ng gi\u1eef l\u1ea1i h\u01b0\u01a1ng v\u1ecb rong bi\u1ec3n nguy\u00ean b\u1ea3n.<\/span><\/p>","protected":false},"featured_media":706,"template":"","product_cat":[8],"class_list":["post-738","product","type-product","status-publish","has-post-thumbnail","hentry","product_cat-bigbang"],"acf":{"nutrition_data":[{"name":"Calo\/ N\u0103ng l\u01b0\u1ee3ng (Kcal)","value":"22"},{"name":"N\u0103ng l\u01b0\u1ee3ng t\u1eeb ch\u1ea5t b\u00e9o (Kcal)","value":""},{"name":"T\u1ed5ng ch\u1ea5t b\u00e9o (g)","value":""},{"name":"Ch\u1ea5t b\u00e9o b\u00e3o ho\u00e0 (g)","value":""},{"name":"Ch\u1ea5t b\u00e9o chuy\u1ec3n ho\u00e1 (g)","value":""},{"name":"Cholesterol (mg)","value":""},{"name":"Sodium (mg)","value":"79"},{"name":"T\u1ed5ng Carbohydrate, bao g\u1ed3m DF (g)","value":"3.9"},{"name":"Ch\u1ea5t x\u01a1 (g)","value":"1"},{"name":"\u0110\u01b0\u1eddng (g)","value":"2.7"},{"name":"Ch\u1ea5t \u0111\u1ea1m (Nx6.25) (g)","value":"1.3"},{"name":"Vitamin A (mcg.RE)","value":"80.98"},{"name":"Vitamin C (mg)","value":"0.00"},{"name":"Vitamin B1 (mg)","value":"0.11"},{"name":"Vitamin B2 (mg)","value":"0.11"},{"name":"S\u1eaft (mg)","value":"0.46"},{"name":"Canxi (mg)","value":"10.92"}],"seaweeds":{"position_a":false,"position_b":false},"product_sizes":[{"product_image":{"ID":741,"id":741,"title":"Big Bang Classic 2G","filename":"Big-Bang-Classic-2G.png","filesize":1307473,"url":"https:\/\/vn.taokaenoiglobal.com\/wp-content\/uploads\/2022\/06\/Big-Bang-Classic-2G.png","link":"https:\/\/vn.taokaenoiglobal.com\/vi\/product\/classic-3\/big-bang-classic-2g\/","alt":"","author":"2","description":"","caption":"","name":"big-bang-classic-2g","status":"inherit","uploaded_to":738,"date":"2022-06-29 09:51:44","modified":"2022-06-29 09:51:55","menu_order":0,"mime_type":"image\/png","type":"image","subtype":"png","icon":"https:\/\/vn.taokaenoiglobal.com\/wp-includes\/images\/media\/default.png","width":1200,"height":1200,"sizes":{"thumbnail":"https:\/\/vn.taokaenoiglobal.com\/wp-content\/uploads\/2022\/06\/Big-Bang-Classic-2G-150x150.png","thumbnail-width":150,"thumbnail-height":150,"medium":"https:\/\/vn.taokaenoiglobal.com\/wp-content\/uploads\/2022\/06\/Big-Bang-Classic-2G-300x300.png","medium-width":300,"medium-height":300,"medium_large":"https:\/\/vn.taokaenoiglobal.com\/wp-content\/uploads\/2022\/06\/Big-Bang-Classic-2G-768x768.png","medium_large-width":768,"medium_large-height":768,"large":"https:\/\/vn.taokaenoiglobal.com\/wp-content\/uploads\/2022\/06\/Big-Bang-Classic-2G-1024x1024.png","large-width":1024,"large-height":1024,"1536x1536":"https:\/\/vn.taokaenoiglobal.com\/wp-content\/uploads\/2022\/06\/Big-Bang-Classic-2G.png","1536x1536-width":1200,"1536x1536-height":1200,"2048x2048":"https:\/\/vn.taokaenoiglobal.com\/wp-content\/uploads\/2022\/06\/Big-Bang-Classic-2G.png","2048x2048-width":1200,"2048x2048-height":1200}},"product_title":"Rong bi\u1ec3n n\u01b0\u1edbng v\u1ecb truy\u1ec1n th\u1ed1ng 2G"},{"product_image":{"ID":739,"id":739,"title":"Big Bang Classic 6G","filename":"Big-Bang-Classic-6G-1.png","filesize":1365349,"url":"https:\/\/vn.taokaenoiglobal.com\/wp-content\/uploads\/2022\/06\/Big-Bang-Classic-6G-1.png","link":"https:\/\/vn.taokaenoiglobal.com\/vi\/product\/classic-3\/big-bang-classic-6g-2\/","alt":"","author":"2","description":"","caption":"","name":"big-bang-classic-6g-2","status":"inherit","uploaded_to":738,"date":"2022-06-29 09:51:39","modified":"2022-06-29 09:51:39","menu_order":0,"mime_type":"image\/png","type":"image","subtype":"png","icon":"https:\/\/vn.taokaenoiglobal.com\/wp-includes\/images\/media\/default.png","width":1200,"height":1200,"sizes":{"thumbnail":"https:\/\/vn.taokaenoiglobal.com\/wp-content\/uploads\/2022\/06\/Big-Bang-Classic-6G-1-150x150.png","thumbnail-width":150,"thumbnail-height":150,"medium":"https:\/\/vn.taokaenoiglobal.com\/wp-content\/uploads\/2022\/06\/Big-Bang-Classic-6G-1-300x300.png","medium-width":300,"medium-height":300,"medium_large":"https:\/\/vn.taokaenoiglobal.com\/wp-content\/uploads\/2022\/06\/Big-Bang-Classic-6G-1-768x768.png","medium_large-width":768,"medium_large-height":768,"large":"https:\/\/vn.taokaenoiglobal.com\/wp-content\/uploads\/2022\/06\/Big-Bang-Classic-6G-1-1024x1024.png","large-width":1024,"large-height":1024,"1536x1536":"https:\/\/vn.taokaenoiglobal.com\/wp-content\/uploads\/2022\/06\/Big-Bang-Classic-6G-1.png","1536x1536-width":1200,"1536x1536-height":1200,"2048x2048":"https:\/\/vn.taokaenoiglobal.com\/wp-content\/uploads\/2022\/06\/Big-Bang-Classic-6G-1.png","2048x2048-width":1200,"2048x2048-height":1200}},"product_title":"Rong bi\u1ec3n n\u01b0\u1edbng v\u1ecb truy\u1ec1n th\u1ed1ng 6G"}],"per_serving":"6G"},"yoast_head":"<!-- This site is optimized with the Yoast SEO plugin v24.6 - https:\/\/yoast.com\/wordpress\/plugins\/seo\/ -->\n<title>Truy\u1ec1n th\u1ed1ng - Taokaenoi Global<\/title>\n<meta name=\"robots\" content=\"index, follow, max-snippet:-1, max-image-preview:large, max-video-preview:-1\" \/>\n<link rel=\"canonical\" href=\"https:\/\/vn.taokaenoiglobal.com\/product\/classic-3\/\" \/>\n<meta property=\"og:locale\" content=\"vi_VN\" \/>\n<meta property=\"og:type\" content=\"article\" \/>\n<meta property=\"og:title\" content=\"[:en]Classic[:vi]Truy\u1ec1n th\u1ed1ng[:zh]\u539f\u5473[:] - Taokaenoi Global\" \/>\n<meta property=\"og:description\" content=\"V\u1edbi \u00fd t\u01b0\u1edfng &#8220;Mi\u1ebfng to, V\u1ecb ngon, B\u00f9ng n\u1ed5&#8221;, rong bi\u1ec3n Big Bang \u0111\u01b0\u1ee3c ch\u1ebf bi\u1ebfn v\u1edbi quy tr\u00ecnh n\u01b0\u1edbng chuy\u00ean bi\u1ec7t l\u00e0m cho rong bi\u1ec3n gi\u00f2n v\u00e0 gi\u00f2n h\u01a1n c\u00f9ng k\u00edch th\u01b0\u1edbc m\u1ed7i mi\u1ebfng si\u00eau to kh\u1ed5ng l\u1ed3. Rong bi\u1ec3n v\u1ecb truy\u1ec1n th\u1ed1ng \u0111\u01b0\u1ee3c l\u00e0m t\u1eeb rong bi\u1ec3n ch\u1ea5t l\u01b0\u1ee3ng gi\u1eef l\u1ea1i h\u01b0\u01a1ng v\u1ecb [&hellip;]\" \/>\n<meta property=\"og:url\" content=\"https:\/\/vn.taokaenoiglobal.com\/product\/classic-3\/\" \/>\n<meta property=\"og:site_name\" content=\"Taokaenoi Global\" \/>\n<meta property=\"article:modified_time\" content=\"2022-07-19T09:02:41+00:00\" \/>\n<meta property=\"og:image\" content=\"https:\/\/vn.taokaenoiglobal.com\/wp-content\/uploads\/2022\/06\/Big-Bang-Classic-6G.png\" \/>\n\t<meta property=\"og:image:width\" content=\"1200\" \/>\n\t<meta property=\"og:image:height\" content=\"1200\" \/>\n\t<meta property=\"og:image:type\" content=\"image\/png\" \/>\n<meta name=\"twitter:card\" content=\"summary_large_image\" \/>\n<meta name=\"twitter:label1\" content=\"\u01af\u1edbc t\u00ednh th\u1eddi gian \u0111\u1ecdc\" \/>\n\t<meta name=\"twitter:data1\" content=\"1 ph\u00fat\" \/>\n<script type=\"application\/ld+json\" class=\"yoast-schema-graph\">{\"@context\":\"https:\/\/schema.org\",\"@graph\":[{\"@type\":\"WebPage\",\"@id\":\"https:\/\/vn.taokaenoiglobal.com\/product\/classic-3\/\",\"url\":\"https:\/\/vn.taokaenoiglobal.com\/product\/classic-3\/\",\"name\":\"[:en]Classic[:vi]Truy\u1ec1n th\u1ed1ng[:zh]\u539f\u5473[:] - Taokaenoi Global\",\"isPartOf\":{\"@id\":\"https:\/\/vn.taokaenoiglobal.com\/#website\"},\"primaryImageOfPage\":{\"@id\":\"https:\/\/vn.taokaenoiglobal.com\/product\/classic-3\/#primaryimage\"},\"image\":{\"@id\":\"https:\/\/vn.taokaenoiglobal.com\/product\/classic-3\/#primaryimage\"},\"thumbnailUrl\":\"https:\/\/vn.taokaenoiglobal.com\/wp-content\/uploads\/2022\/06\/Big-Bang-Classic-6G.png\",\"datePublished\":\"2022-06-29T09:52:15+00:00\",\"dateModified\":\"2022-07-19T09:02:41+00:00\",\"breadcrumb\":{\"@id\":\"https:\/\/vn.taokaenoiglobal.com\/product\/classic-3\/#breadcrumb\"},\"inLanguage\":\"vi\",\"potentialAction\":[{\"@type\":\"ReadAction\",\"target\":[\"https:\/\/vn.taokaenoiglobal.com\/product\/classic-3\/\"]}]},{\"@type\":\"ImageObject\",\"inLanguage\":\"vi\",\"@id\":\"https:\/\/vn.taokaenoiglobal.com\/product\/classic-3\/#primaryimage\",\"url\":\"https:\/\/vn.taokaenoiglobal.com\/wp-content\/uploads\/2022\/06\/Big-Bang-Classic-6G.png\",\"contentUrl\":\"https:\/\/vn.taokaenoiglobal.com\/wp-content\/uploads\/2022\/06\/Big-Bang-Classic-6G.png\",\"width\":1200,\"height\":1200},{\"@type\":\"BreadcrumbList\",\"@id\":\"https:\/\/vn.taokaenoiglobal.com\/product\/classic-3\/#breadcrumb\",\"itemListElement\":[{\"@type\":\"ListItem\",\"position\":1,\"name\":\"Home\",\"item\":\"https:\/\/vn.taokaenoiglobal.com\/\"},{\"@type\":\"ListItem\",\"position\":2,\"name\":\"Products\",\"item\":\"https:\/\/vn.taokaenoiglobal.com\/product\/\"},{\"@type\":\"ListItem\",\"position\":3,\"name\":\"Classic\"}]},{\"@type\":\"WebSite\",\"@id\":\"https:\/\/vn.taokaenoiglobal.com\/#website\",\"url\":\"https:\/\/vn.taokaenoiglobal.com\/\",\"name\":\"Taokaenoi Global\",\"description\":\"\",\"publisher\":{\"@id\":\"https:\/\/vn.taokaenoiglobal.com\/#organization\"},\"potentialAction\":[{\"@type\":\"SearchAction\",\"target\":{\"@type\":\"EntryPoint\",\"urlTemplate\":\"https:\/\/vn.taokaenoiglobal.com\/?s={search_term_string}\"},\"query-input\":{\"@type\":\"PropertyValueSpecification\",\"valueRequired\":true,\"valueName\":\"search_term_string\"}}],\"inLanguage\":\"vi\"},{\"@type\":\"Organization\",\"@id\":\"https:\/\/vn.taokaenoiglobal.com\/#organization\",\"name\":\"Taokaenoi Global\",\"url\":\"https:\/\/vn.taokaenoiglobal.com\/\",\"logo\":{\"@type\":\"ImageObject\",\"inLanguage\":\"vi\",\"@id\":\"https:\/\/vn.taokaenoiglobal.com\/#\/schema\/logo\/image\/\",\"url\":\"https:\/\/vn.taokaenoiglobal.com\/wp-content\/uploads\/2022\/08\/tkn-global-logo.jpg\",\"contentUrl\":\"https:\/\/vn.taokaenoiglobal.com\/wp-content\/uploads\/2022\/08\/tkn-global-logo.jpg\",\"width\":600,\"height\":600,\"caption\":\"Taokaenoi Global\"},\"image\":{\"@id\":\"https:\/\/vn.taokaenoiglobal.com\/#\/schema\/logo\/image\/\"}}]}<\/script>\n<!-- \/ Yoast SEO plugin. -->","yoast_head_json":{"title":"[:en]Classic[:vi]Truy\u1ec1n th\u1ed1ng[:zh]\u539f\u5473[:] - Taokaenoi Global","robots":{"index":"index","follow":"follow","max-snippet":"max-snippet:-1","max-image-preview":"max-image-preview:large","max-video-preview":"max-video-preview:-1"},"canonical":"https:\/\/vn.taokaenoiglobal.com\/product\/classic-3\/","og_locale":"vi_VN","og_type":"article","og_title":"[:en]Classic[:vi]Truy\u1ec1n th\u1ed1ng[:zh]\u539f\u5473[:] - Taokaenoi Global","og_description":"V\u1edbi \u00fd t\u01b0\u1edfng &#8220;Mi\u1ebfng to, V\u1ecb ngon, B\u00f9ng n\u1ed5&#8221;, rong bi\u1ec3n Big Bang \u0111\u01b0\u1ee3c ch\u1ebf bi\u1ebfn v\u1edbi quy tr\u00ecnh n\u01b0\u1edbng chuy\u00ean bi\u1ec7t l\u00e0m cho rong bi\u1ec3n gi\u00f2n v\u00e0 gi\u00f2n h\u01a1n c\u00f9ng k\u00edch th\u01b0\u1edbc m\u1ed7i mi\u1ebfng si\u00eau to kh\u1ed5ng l\u1ed3. Rong bi\u1ec3n v\u1ecb truy\u1ec1n th\u1ed1ng \u0111\u01b0\u1ee3c l\u00e0m t\u1eeb rong bi\u1ec3n ch\u1ea5t l\u01b0\u1ee3ng gi\u1eef l\u1ea1i h\u01b0\u01a1ng v\u1ecb [&hellip;]","og_url":"https:\/\/vn.taokaenoiglobal.com\/product\/classic-3\/","og_site_name":"Taokaenoi Global","article_modified_time":"2022-07-19T09:02:41+00:00","og_image":[{"width":1200,"height":1200,"url":"https:\/\/vn.taokaenoiglobal.com\/wp-content\/uploads\/2022\/06\/Big-Bang-Classic-6G.png","type":"image\/png"}],"twitter_card":"summary_large_image","twitter_misc":{"\u01af\u1edbc t\u00ednh th\u1eddi gian \u0111\u1ecdc":"1 ph\u00fat"},"schema":{"@context":"https:\/\/schema.org","@graph":[{"@type":"WebPage","@id":"https:\/\/vn.taokaenoiglobal.com\/product\/classic-3\/","url":"https:\/\/vn.taokaenoiglobal.com\/product\/classic-3\/","name":"[:en]Classic[:vi]Truy\u1ec1n th\u1ed1ng[:zh]\u539f\u5473[:] - Taokaenoi Global","isPartOf":{"@id":"https:\/\/vn.taokaenoiglobal.com\/#website"},"primaryImageOfPage":{"@id":"https:\/\/vn.taokaenoiglobal.com\/product\/classic-3\/#primaryimage"},"image":{"@id":"https:\/\/vn.taokaenoiglobal.com\/product\/classic-3\/#primaryimage"},"thumbnailUrl":"https:\/\/vn.taokaenoiglobal.com\/wp-content\/uploads\/2022\/06\/Big-Bang-Classic-6G.png","datePublished":"2022-06-29T09:52:15+00:00","dateModified":"2022-07-19T09:02:41+00:00","breadcrumb":{"@id":"https:\/\/vn.taokaenoiglobal.com\/product\/classic-3\/#breadcrumb"},"inLanguage":"vi","potentialAction":[{"@type":"ReadAction","target":["https:\/\/vn.taokaenoiglobal.com\/product\/classic-3\/"]}]},{"@type":"ImageObject","inLanguage":"vi","@id":"https:\/\/vn.taokaenoiglobal.com\/product\/classic-3\/#primaryimage","url":"https:\/\/vn.taokaenoiglobal.com\/wp-content\/uploads\/2022\/06\/Big-Bang-Classic-6G.png","contentUrl":"https:\/\/vn.taokaenoiglobal.com\/wp-content\/uploads\/2022\/06\/Big-Bang-Classic-6G.png","width":1200,"height":1200},{"@type":"BreadcrumbList","@id":"https:\/\/vn.taokaenoiglobal.com\/product\/classic-3\/#breadcrumb","itemListElement":[{"@type":"ListItem","position":1,"name":"Home","item":"https:\/\/vn.taokaenoiglobal.com\/"},{"@type":"ListItem","position":2,"name":"Products","item":"https:\/\/vn.taokaenoiglobal.com\/product\/"},{"@type":"ListItem","position":3,"name":"Classic"}]},{"@type":"WebSite","@id":"https:\/\/vn.taokaenoiglobal.com\/#website","url":"https:\/\/vn.taokaenoiglobal.com\/","name":"Taokaenoi Global","description":"","publisher":{"@id":"https:\/\/vn.taokaenoiglobal.com\/#organization"},"potentialAction":[{"@type":"SearchAction","target":{"@type":"EntryPoint","urlTemplate":"https:\/\/vn.taokaenoiglobal.com\/?s={search_term_string}"},"query-input":{"@type":"PropertyValueSpecification","valueRequired":true,"valueName":"search_term_string"}}],"inLanguage":"vi"},{"@type":"Organization","@id":"https:\/\/vn.taokaenoiglobal.com\/#organization","name":"Taokaenoi Global","url":"https:\/\/vn.taokaenoiglobal.com\/","logo":{"@type":"ImageObject","inLanguage":"vi","@id":"https:\/\/vn.taokaenoiglobal.com\/#\/schema\/logo\/image\/","url":"https:\/\/vn.taokaenoiglobal.com\/wp-content\/uploads\/2022\/08\/tkn-global-logo.jpg","contentUrl":"https:\/\/vn.taokaenoiglobal.com\/wp-content\/uploads\/2022\/08\/tkn-global-logo.jpg","width":600,"height":600,"caption":"Taokaenoi Global"},"image":{"@id":"https:\/\/vn.taokaenoiglobal.com\/#\/schema\/logo\/image\/"}}]}},"_links":{"self":[{"href":"https:\/\/vn.taokaenoiglobal.com\/vi\/wp-json\/wp\/v2\/product\/738","targetHints":{"allow":["GET"]}}],"collection":[{"href":"https:\/\/vn.taokaenoiglobal.com\/vi\/wp-json\/wp\/v2\/product"}],"about":[{"href":"https:\/\/vn.taokaenoiglobal.com\/vi\/wp-json\/wp\/v2\/types\/product"}],"wp:featuredmedia":[{"embeddable":true,"href":"https:\/\/vn.taokaenoiglobal.com\/vi\/wp-json\/wp\/v2\/media\/706"}],"wp:attachment":[{"href":"https:\/\/vn.taokaenoiglobal.com\/vi\/wp-json\/wp\/v2\/media?parent=738"}],"wp:term":[{"taxonomy":"product_cat","embeddable":true,"href":"https:\/\/vn.taokaenoiglobal.com\/vi\/wp-json\/wp\/v2\/product_cat?post=738"}],"curies":[{"name":"wp","href":"https:\/\/api.w.org\/{rel}","templated":true}]}}