{"id":761,"date":"2022-06-29T17:00:52","date_gmt":"2022-06-29T10:00:52","guid":{"rendered":"https:\/\/vn.taokaenoiglobal.com\/?post_type=product&#038;p=761"},"modified":"2022-07-19T16:05:43","modified_gmt":"2022-07-19T09:05:43","slug":"kimchi","status":"publish","type":"product","link":"https:\/\/vn.taokaenoiglobal.com\/vi\/product\/kimchi\/","title":{"rendered":"Kimchi"},"content":{"rendered":"<p><span data-sheets-value=\"{&quot;1&quot;:2,&quot;2&quot;:&quot;Rong bi\u1ec3n si\u00eau gi\u00f2n \u0111\u01b0\u1ee3c n\u01b0\u1edbng v\u1edbi quy tr\u00ecnh chuy\u00ean bi\u1ec7t l\u00e0m cho rong bi\u1ec3n gi\u00f2n h\u01a1n m\u00e0 v\u1eabn b\u1ea3o to\u00e0n ch\u1ea5t l\u01b0\u1ee3ng c\u0169ng nh\u01b0 c\u00e1c d\u01b0\u1ee1ng ch\u1ea5t c\u00f3 trong rong bi\u1ec3n v\u00e0 \u0111\u1ea3m b\u1ea3o h\u01b0\u01a1ng v\u1ecb th\u01a1m ngon nh\u1ea5t.&quot;}\" data-sheets-userformat=\"{&quot;2&quot;:14847,&quot;3&quot;:{&quot;1&quot;:0,&quot;3&quot;:1},&quot;4&quot;:{&quot;1&quot;:2,&quot;2&quot;:16773836},&quot;5&quot;:{&quot;1&quot;:[{&quot;1&quot;:2,&quot;2&quot;:0,&quot;5&quot;:{&quot;1&quot;:2,&quot;2&quot;:0}},{&quot;1&quot;:0,&quot;2&quot;:0,&quot;3&quot;:3},{&quot;1&quot;:1,&quot;2&quot;:0,&quot;4&quot;:1}]},&quot;6&quot;:{&quot;1&quot;:[{&quot;1&quot;:2,&quot;2&quot;:0,&quot;5&quot;:{&quot;1&quot;:2,&quot;2&quot;:0}},{&quot;1&quot;:0,&quot;2&quot;:0,&quot;3&quot;:3},{&quot;1&quot;:1,&quot;2&quot;:0,&quot;4&quot;:1}]},&quot;7&quot;:{&quot;1&quot;:[{&quot;1&quot;:2,&quot;2&quot;:0,&quot;5&quot;:{&quot;1&quot;:2,&quot;2&quot;:0}},{&quot;1&quot;:0,&quot;2&quot;:0,&quot;3&quot;:3},{&quot;1&quot;:1,&quot;2&quot;:0,&quot;4&quot;:1}]},&quot;8&quot;:{&quot;1&quot;:[{&quot;1&quot;:2,&quot;2&quot;:0,&quot;5&quot;:{&quot;1&quot;:2,&quot;2&quot;:0}},{&quot;1&quot;:0,&quot;2&quot;:0,&quot;3&quot;:3},{&quot;1&quot;:1,&quot;2&quot;:0,&quot;4&quot;:1}]},&quot;9&quot;:1,&quot;10&quot;:1,&quot;11&quot;:4,&quot;14&quot;:{&quot;1&quot;:3,&quot;3&quot;:1},&quot;15&quot;:&quot;Times New Roman&quot;,&quot;16&quot;:12}\">Rong bi\u1ec3n si\u00eau gi\u00f2n \u0111\u01b0\u1ee3c n\u01b0\u1edbng v\u1edbi quy tr\u00ecnh chuy\u00ean bi\u1ec7t l\u00e0m cho rong bi\u1ec3n gi\u00f2n h\u01a1n m\u00e0 v\u1eabn b\u1ea3o to\u00e0n ch\u1ea5t l\u01b0\u1ee3ng c\u0169ng nh\u01b0 c\u00e1c d\u01b0\u1ee1ng ch\u1ea5t c\u00f3 trong rong bi\u1ec3n v\u00e0 \u0111\u1ea3m b\u1ea3o h\u01b0\u01a1ng v\u1ecb th\u01a1m ngon nh\u1ea5t.<\/span><\/p>\n<p><span data-sheets-value=\"{&quot;1&quot;:2,&quot;2&quot;:&quot;Rong bi\u1ec3n v\u1ecb Kimchi l\u00e0 s\u1ef1 c\u00e2n b\u1eb1ng c\u1ee7a v\u1ecb m\u1eb7n ng\u1ecdt ho\u00e0 quy\u1ec7n c\u00f9ng rong bi\u1ec3n n\u01b0\u1edbng \u0111\u1eb7c tr\u01b0ng.&quot;}\" data-sheets-userformat=\"{&quot;2&quot;:14847,&quot;3&quot;:{&quot;1&quot;:0,&quot;3&quot;:1},&quot;4&quot;:{&quot;1&quot;:2,&quot;2&quot;:16773836},&quot;5&quot;:{&quot;1&quot;:[{&quot;1&quot;:2,&quot;2&quot;:0,&quot;5&quot;:{&quot;1&quot;:2,&quot;2&quot;:0}},{&quot;1&quot;:0,&quot;2&quot;:0,&quot;3&quot;:3},{&quot;1&quot;:1,&quot;2&quot;:0,&quot;4&quot;:1}]},&quot;6&quot;:{&quot;1&quot;:[{&quot;1&quot;:2,&quot;2&quot;:0,&quot;5&quot;:{&quot;1&quot;:2,&quot;2&quot;:0}},{&quot;1&quot;:0,&quot;2&quot;:0,&quot;3&quot;:3},{&quot;1&quot;:1,&quot;2&quot;:0,&quot;4&quot;:1}]},&quot;7&quot;:{&quot;1&quot;:[{&quot;1&quot;:2,&quot;2&quot;:0,&quot;5&quot;:{&quot;1&quot;:2,&quot;2&quot;:0}},{&quot;1&quot;:0,&quot;2&quot;:0,&quot;3&quot;:3},{&quot;1&quot;:1,&quot;2&quot;:0,&quot;4&quot;:1}]},&quot;8&quot;:{&quot;1&quot;:[{&quot;1&quot;:2,&quot;2&quot;:0,&quot;5&quot;:{&quot;1&quot;:2,&quot;2&quot;:0}},{&quot;1&quot;:0,&quot;2&quot;:0,&quot;3&quot;:3},{&quot;1&quot;:1,&quot;2&quot;:0,&quot;4&quot;:1}]},&quot;9&quot;:1,&quot;10&quot;:1,&quot;11&quot;:4,&quot;14&quot;:{&quot;1&quot;:3,&quot;3&quot;:1},&quot;15&quot;:&quot;Times New Roman&quot;,&quot;16&quot;:12}\">Rong bi\u1ec3n v\u1ecb Kimchi l\u00e0 s\u1ef1 c\u00e2n b\u1eb1ng c\u1ee7a v\u1ecb m\u1eb7n ng\u1ecdt ho\u00e0 quy\u1ec7n c\u00f9ng rong bi\u1ec3n n\u01b0\u1edbng \u0111\u1eb7c tr\u01b0ng.<\/span><\/p>","protected":false},"featured_media":756,"template":"","product_cat":[12],"class_list":["post-761","product","type-product","status-publish","has-post-thumbnail","hentry","product_cat-super-crisp"],"acf":{"nutrition_data":[{"name":"Calo\/ N\u0103ng l\u01b0\u1ee3ng (Kcal)","value":"43"},{"name":"N\u0103ng l\u01b0\u1ee3ng t\u1eeb ch\u1ea5t b\u00e9o (Kcal)","value":""},{"name":"T\u1ed5ng ch\u1ea5t b\u00e9o (g)","value":""},{"name":"Ch\u1ea5t b\u00e9o b\u00e3o ho\u00e0 (g)","value":""},{"name":"Ch\u1ea5t b\u00e9o chuy\u1ec3n ho\u00e1 (g)","value":""},{"name":"Cholesterol (mg)","value":""},{"name":"Sodium (mg)","value":"234"},{"name":"T\u1ed5ng Carbohydrate, bao g\u1ed3m DF (g)","value":"7.5"},{"name":"Ch\u1ea5t x\u01a1 (g)","value":"2.5"},{"name":"\u0110\u01b0\u1eddng (g)","value":"4.5"},{"name":"Ch\u1ea5t \u0111\u1ea1m (Nx6.25) (g)","value":"2.6"},{"name":"Vitamin A (mcg.RE)","value":"101.53"},{"name":"Vitamin C (mg)","value":""},{"name":"Vitamin B1 (mg)","value":"0.03"},{"name":"Vitamin B2 (mg)","value":"0.23"},{"name":"S\u1eaft (mg)","value":"0.71"},{"name":"Canxi (mg)","value":"22.68"}],"seaweeds":{"position_a":false,"position_b":false},"product_sizes":[{"product_image":{"ID":759,"id":759,"title":"Super Crisp Kimchi 12G","filename":"Super-Crisp-Kimchi-12G.png","filesize":1363326,"url":"https:\/\/vn.taokaenoiglobal.com\/wp-content\/uploads\/2022\/06\/Super-Crisp-Kimchi-12G.png","link":"https:\/\/vn.taokaenoiglobal.com\/vi\/product\/classic-4\/super-crisp-kimchi-12g\/","alt":"","author":"2","description":"","caption":"","name":"super-crisp-kimchi-12g","status":"inherit","uploaded_to":753,"date":"2022-06-29 09:59:16","modified":"2022-06-29 10:00:45","menu_order":0,"mime_type":"image\/png","type":"image","subtype":"png","icon":"https:\/\/vn.taokaenoiglobal.com\/wp-includes\/images\/media\/default.png","width":1200,"height":1200,"sizes":{"thumbnail":"https:\/\/vn.taokaenoiglobal.com\/wp-content\/uploads\/2022\/06\/Super-Crisp-Kimchi-12G-150x150.png","thumbnail-width":150,"thumbnail-height":150,"medium":"https:\/\/vn.taokaenoiglobal.com\/wp-content\/uploads\/2022\/06\/Super-Crisp-Kimchi-12G-300x300.png","medium-width":300,"medium-height":300,"medium_large":"https:\/\/vn.taokaenoiglobal.com\/wp-content\/uploads\/2022\/06\/Super-Crisp-Kimchi-12G-768x768.png","medium_large-width":768,"medium_large-height":768,"large":"https:\/\/vn.taokaenoiglobal.com\/wp-content\/uploads\/2022\/06\/Super-Crisp-Kimchi-12G-1024x1024.png","large-width":1024,"large-height":1024,"1536x1536":"https:\/\/vn.taokaenoiglobal.com\/wp-content\/uploads\/2022\/06\/Super-Crisp-Kimchi-12G.png","1536x1536-width":1200,"1536x1536-height":1200,"2048x2048":"https:\/\/vn.taokaenoiglobal.com\/wp-content\/uploads\/2022\/06\/Super-Crisp-Kimchi-12G.png","2048x2048-width":1200,"2048x2048-height":1200}},"product_title":"Rong bi\u1ec3n n\u01b0\u1edbng v\u1ecb Kimchi 12G"},{"product_image":{"ID":756,"id":756,"title":"Super Crisp Kimchi 24G","filename":"Super-Crisp-Kimchi-24G.png","filesize":1325250,"url":"https:\/\/vn.taokaenoiglobal.com\/wp-content\/uploads\/2022\/06\/Super-Crisp-Kimchi-24G.png","link":"https:\/\/vn.taokaenoiglobal.com\/vi\/product\/classic-4\/super-crisp-kimchi-24g\/","alt":"","author":"2","description":"","caption":"","name":"super-crisp-kimchi-24g","status":"inherit","uploaded_to":753,"date":"2022-06-29 09:59:10","modified":"2022-06-29 09:59:10","menu_order":0,"mime_type":"image\/png","type":"image","subtype":"png","icon":"https:\/\/vn.taokaenoiglobal.com\/wp-includes\/images\/media\/default.png","width":1200,"height":1200,"sizes":{"thumbnail":"https:\/\/vn.taokaenoiglobal.com\/wp-content\/uploads\/2022\/06\/Super-Crisp-Kimchi-24G-150x150.png","thumbnail-width":150,"thumbnail-height":150,"medium":"https:\/\/vn.taokaenoiglobal.com\/wp-content\/uploads\/2022\/06\/Super-Crisp-Kimchi-24G-300x300.png","medium-width":300,"medium-height":300,"medium_large":"https:\/\/vn.taokaenoiglobal.com\/wp-content\/uploads\/2022\/06\/Super-Crisp-Kimchi-24G-768x768.png","medium_large-width":768,"medium_large-height":768,"large":"https:\/\/vn.taokaenoiglobal.com\/wp-content\/uploads\/2022\/06\/Super-Crisp-Kimchi-24G-1024x1024.png","large-width":1024,"large-height":1024,"1536x1536":"https:\/\/vn.taokaenoiglobal.com\/wp-content\/uploads\/2022\/06\/Super-Crisp-Kimchi-24G.png","1536x1536-width":1200,"1536x1536-height":1200,"2048x2048":"https:\/\/vn.taokaenoiglobal.com\/wp-content\/uploads\/2022\/06\/Super-Crisp-Kimchi-24G.png","2048x2048-width":1200,"2048x2048-height":1200}},"product_title":"Rong bi\u1ec3n n\u01b0\u1edbng v\u1ecb Kimchi 24G"}],"per_serving":"12G"},"yoast_head":"<!-- This site is optimized with the Yoast SEO plugin v24.6 - https:\/\/yoast.com\/wordpress\/plugins\/seo\/ -->\n<title>Kimchi - Taokaenoi Global<\/title>\n<meta name=\"robots\" content=\"index, follow, max-snippet:-1, max-image-preview:large, max-video-preview:-1\" \/>\n<link rel=\"canonical\" href=\"https:\/\/vn.taokaenoiglobal.com\/product\/kimchi\/\" \/>\n<meta property=\"og:locale\" content=\"vi_VN\" \/>\n<meta property=\"og:type\" content=\"article\" \/>\n<meta property=\"og:title\" content=\"[:en]Kimchi[:vi]Kimchi[:zh]\u539f\u5473[:] - Taokaenoi Global\" \/>\n<meta property=\"og:description\" content=\"Rong bi\u1ec3n si\u00eau gi\u00f2n \u0111\u01b0\u1ee3c n\u01b0\u1edbng v\u1edbi quy tr\u00ecnh chuy\u00ean bi\u1ec7t l\u00e0m cho rong bi\u1ec3n gi\u00f2n h\u01a1n m\u00e0 v\u1eabn b\u1ea3o to\u00e0n ch\u1ea5t l\u01b0\u1ee3ng c\u0169ng nh\u01b0 c\u00e1c d\u01b0\u1ee1ng ch\u1ea5t c\u00f3 trong rong bi\u1ec3n v\u00e0 \u0111\u1ea3m b\u1ea3o h\u01b0\u01a1ng v\u1ecb th\u01a1m ngon nh\u1ea5t. Rong bi\u1ec3n v\u1ecb Kimchi l\u00e0 s\u1ef1 c\u00e2n b\u1eb1ng c\u1ee7a v\u1ecb m\u1eb7n ng\u1ecdt ho\u00e0 quy\u1ec7n c\u00f9ng [&hellip;]\" \/>\n<meta property=\"og:url\" content=\"https:\/\/vn.taokaenoiglobal.com\/product\/kimchi\/\" \/>\n<meta property=\"og:site_name\" content=\"Taokaenoi Global\" \/>\n<meta property=\"article:modified_time\" content=\"2022-07-19T09:05:43+00:00\" \/>\n<meta property=\"og:image\" content=\"https:\/\/vn.taokaenoiglobal.com\/wp-content\/uploads\/2022\/06\/Super-Crisp-Kimchi-24G.png\" \/>\n\t<meta property=\"og:image:width\" content=\"1200\" \/>\n\t<meta property=\"og:image:height\" content=\"1200\" \/>\n\t<meta property=\"og:image:type\" content=\"image\/png\" \/>\n<meta name=\"twitter:card\" content=\"summary_large_image\" \/>\n<meta name=\"twitter:label1\" content=\"\u01af\u1edbc t\u00ednh th\u1eddi gian \u0111\u1ecdc\" \/>\n\t<meta name=\"twitter:data1\" content=\"1 ph\u00fat\" \/>\n<script type=\"application\/ld+json\" class=\"yoast-schema-graph\">{\"@context\":\"https:\/\/schema.org\",\"@graph\":[{\"@type\":\"WebPage\",\"@id\":\"https:\/\/vn.taokaenoiglobal.com\/product\/kimchi\/\",\"url\":\"https:\/\/vn.taokaenoiglobal.com\/product\/kimchi\/\",\"name\":\"[:en]Kimchi[:vi]Kimchi[:zh]\u539f\u5473[:] - Taokaenoi Global\",\"isPartOf\":{\"@id\":\"https:\/\/vn.taokaenoiglobal.com\/#website\"},\"primaryImageOfPage\":{\"@id\":\"https:\/\/vn.taokaenoiglobal.com\/product\/kimchi\/#primaryimage\"},\"image\":{\"@id\":\"https:\/\/vn.taokaenoiglobal.com\/product\/kimchi\/#primaryimage\"},\"thumbnailUrl\":\"https:\/\/vn.taokaenoiglobal.com\/wp-content\/uploads\/2022\/06\/Super-Crisp-Kimchi-24G.png\",\"datePublished\":\"2022-06-29T10:00:52+00:00\",\"dateModified\":\"2022-07-19T09:05:43+00:00\",\"breadcrumb\":{\"@id\":\"https:\/\/vn.taokaenoiglobal.com\/product\/kimchi\/#breadcrumb\"},\"inLanguage\":\"vi\",\"potentialAction\":[{\"@type\":\"ReadAction\",\"target\":[\"https:\/\/vn.taokaenoiglobal.com\/product\/kimchi\/\"]}]},{\"@type\":\"ImageObject\",\"inLanguage\":\"vi\",\"@id\":\"https:\/\/vn.taokaenoiglobal.com\/product\/kimchi\/#primaryimage\",\"url\":\"https:\/\/vn.taokaenoiglobal.com\/wp-content\/uploads\/2022\/06\/Super-Crisp-Kimchi-24G.png\",\"contentUrl\":\"https:\/\/vn.taokaenoiglobal.com\/wp-content\/uploads\/2022\/06\/Super-Crisp-Kimchi-24G.png\",\"width\":1200,\"height\":1200},{\"@type\":\"BreadcrumbList\",\"@id\":\"https:\/\/vn.taokaenoiglobal.com\/product\/kimchi\/#breadcrumb\",\"itemListElement\":[{\"@type\":\"ListItem\",\"position\":1,\"name\":\"Home\",\"item\":\"https:\/\/vn.taokaenoiglobal.com\/\"},{\"@type\":\"ListItem\",\"position\":2,\"name\":\"Products\",\"item\":\"https:\/\/vn.taokaenoiglobal.com\/product\/\"},{\"@type\":\"ListItem\",\"position\":3,\"name\":\"Kimchi\"}]},{\"@type\":\"WebSite\",\"@id\":\"https:\/\/vn.taokaenoiglobal.com\/#website\",\"url\":\"https:\/\/vn.taokaenoiglobal.com\/\",\"name\":\"Taokaenoi Global\",\"description\":\"\",\"publisher\":{\"@id\":\"https:\/\/vn.taokaenoiglobal.com\/#organization\"},\"potentialAction\":[{\"@type\":\"SearchAction\",\"target\":{\"@type\":\"EntryPoint\",\"urlTemplate\":\"https:\/\/vn.taokaenoiglobal.com\/?s={search_term_string}\"},\"query-input\":{\"@type\":\"PropertyValueSpecification\",\"valueRequired\":true,\"valueName\":\"search_term_string\"}}],\"inLanguage\":\"vi\"},{\"@type\":\"Organization\",\"@id\":\"https:\/\/vn.taokaenoiglobal.com\/#organization\",\"name\":\"Taokaenoi Global\",\"url\":\"https:\/\/vn.taokaenoiglobal.com\/\",\"logo\":{\"@type\":\"ImageObject\",\"inLanguage\":\"vi\",\"@id\":\"https:\/\/vn.taokaenoiglobal.com\/#\/schema\/logo\/image\/\",\"url\":\"https:\/\/vn.taokaenoiglobal.com\/wp-content\/uploads\/2022\/08\/tkn-global-logo.jpg\",\"contentUrl\":\"https:\/\/vn.taokaenoiglobal.com\/wp-content\/uploads\/2022\/08\/tkn-global-logo.jpg\",\"width\":600,\"height\":600,\"caption\":\"Taokaenoi Global\"},\"image\":{\"@id\":\"https:\/\/vn.taokaenoiglobal.com\/#\/schema\/logo\/image\/\"}}]}<\/script>\n<!-- \/ Yoast SEO plugin. -->","yoast_head_json":{"title":"[:en]Kimchi[:vi]Kimchi[:zh]\u539f\u5473[:] - Taokaenoi Global","robots":{"index":"index","follow":"follow","max-snippet":"max-snippet:-1","max-image-preview":"max-image-preview:large","max-video-preview":"max-video-preview:-1"},"canonical":"https:\/\/vn.taokaenoiglobal.com\/product\/kimchi\/","og_locale":"vi_VN","og_type":"article","og_title":"[:en]Kimchi[:vi]Kimchi[:zh]\u539f\u5473[:] - Taokaenoi Global","og_description":"Rong bi\u1ec3n si\u00eau gi\u00f2n \u0111\u01b0\u1ee3c n\u01b0\u1edbng v\u1edbi quy tr\u00ecnh chuy\u00ean bi\u1ec7t l\u00e0m cho rong bi\u1ec3n gi\u00f2n h\u01a1n m\u00e0 v\u1eabn b\u1ea3o to\u00e0n ch\u1ea5t l\u01b0\u1ee3ng c\u0169ng nh\u01b0 c\u00e1c d\u01b0\u1ee1ng ch\u1ea5t c\u00f3 trong rong bi\u1ec3n v\u00e0 \u0111\u1ea3m b\u1ea3o h\u01b0\u01a1ng v\u1ecb th\u01a1m ngon nh\u1ea5t. Rong bi\u1ec3n v\u1ecb Kimchi l\u00e0 s\u1ef1 c\u00e2n b\u1eb1ng c\u1ee7a v\u1ecb m\u1eb7n ng\u1ecdt ho\u00e0 quy\u1ec7n c\u00f9ng [&hellip;]","og_url":"https:\/\/vn.taokaenoiglobal.com\/product\/kimchi\/","og_site_name":"Taokaenoi Global","article_modified_time":"2022-07-19T09:05:43+00:00","og_image":[{"width":1200,"height":1200,"url":"https:\/\/vn.taokaenoiglobal.com\/wp-content\/uploads\/2022\/06\/Super-Crisp-Kimchi-24G.png","type":"image\/png"}],"twitter_card":"summary_large_image","twitter_misc":{"\u01af\u1edbc t\u00ednh th\u1eddi gian \u0111\u1ecdc":"1 ph\u00fat"},"schema":{"@context":"https:\/\/schema.org","@graph":[{"@type":"WebPage","@id":"https:\/\/vn.taokaenoiglobal.com\/product\/kimchi\/","url":"https:\/\/vn.taokaenoiglobal.com\/product\/kimchi\/","name":"[:en]Kimchi[:vi]Kimchi[:zh]\u539f\u5473[:] - Taokaenoi Global","isPartOf":{"@id":"https:\/\/vn.taokaenoiglobal.com\/#website"},"primaryImageOfPage":{"@id":"https:\/\/vn.taokaenoiglobal.com\/product\/kimchi\/#primaryimage"},"image":{"@id":"https:\/\/vn.taokaenoiglobal.com\/product\/kimchi\/#primaryimage"},"thumbnailUrl":"https:\/\/vn.taokaenoiglobal.com\/wp-content\/uploads\/2022\/06\/Super-Crisp-Kimchi-24G.png","datePublished":"2022-06-29T10:00:52+00:00","dateModified":"2022-07-19T09:05:43+00:00","breadcrumb":{"@id":"https:\/\/vn.taokaenoiglobal.com\/product\/kimchi\/#breadcrumb"},"inLanguage":"vi","potentialAction":[{"@type":"ReadAction","target":["https:\/\/vn.taokaenoiglobal.com\/product\/kimchi\/"]}]},{"@type":"ImageObject","inLanguage":"vi","@id":"https:\/\/vn.taokaenoiglobal.com\/product\/kimchi\/#primaryimage","url":"https:\/\/vn.taokaenoiglobal.com\/wp-content\/uploads\/2022\/06\/Super-Crisp-Kimchi-24G.png","contentUrl":"https:\/\/vn.taokaenoiglobal.com\/wp-content\/uploads\/2022\/06\/Super-Crisp-Kimchi-24G.png","width":1200,"height":1200},{"@type":"BreadcrumbList","@id":"https:\/\/vn.taokaenoiglobal.com\/product\/kimchi\/#breadcrumb","itemListElement":[{"@type":"ListItem","position":1,"name":"Home","item":"https:\/\/vn.taokaenoiglobal.com\/"},{"@type":"ListItem","position":2,"name":"Products","item":"https:\/\/vn.taokaenoiglobal.com\/product\/"},{"@type":"ListItem","position":3,"name":"Kimchi"}]},{"@type":"WebSite","@id":"https:\/\/vn.taokaenoiglobal.com\/#website","url":"https:\/\/vn.taokaenoiglobal.com\/","name":"Taokaenoi Global","description":"","publisher":{"@id":"https:\/\/vn.taokaenoiglobal.com\/#organization"},"potentialAction":[{"@type":"SearchAction","target":{"@type":"EntryPoint","urlTemplate":"https:\/\/vn.taokaenoiglobal.com\/?s={search_term_string}"},"query-input":{"@type":"PropertyValueSpecification","valueRequired":true,"valueName":"search_term_string"}}],"inLanguage":"vi"},{"@type":"Organization","@id":"https:\/\/vn.taokaenoiglobal.com\/#organization","name":"Taokaenoi Global","url":"https:\/\/vn.taokaenoiglobal.com\/","logo":{"@type":"ImageObject","inLanguage":"vi","@id":"https:\/\/vn.taokaenoiglobal.com\/#\/schema\/logo\/image\/","url":"https:\/\/vn.taokaenoiglobal.com\/wp-content\/uploads\/2022\/08\/tkn-global-logo.jpg","contentUrl":"https:\/\/vn.taokaenoiglobal.com\/wp-content\/uploads\/2022\/08\/tkn-global-logo.jpg","width":600,"height":600,"caption":"Taokaenoi Global"},"image":{"@id":"https:\/\/vn.taokaenoiglobal.com\/#\/schema\/logo\/image\/"}}]}},"_links":{"self":[{"href":"https:\/\/vn.taokaenoiglobal.com\/vi\/wp-json\/wp\/v2\/product\/761","targetHints":{"allow":["GET"]}}],"collection":[{"href":"https:\/\/vn.taokaenoiglobal.com\/vi\/wp-json\/wp\/v2\/product"}],"about":[{"href":"https:\/\/vn.taokaenoiglobal.com\/vi\/wp-json\/wp\/v2\/types\/product"}],"wp:featuredmedia":[{"embeddable":true,"href":"https:\/\/vn.taokaenoiglobal.com\/vi\/wp-json\/wp\/v2\/media\/756"}],"wp:attachment":[{"href":"https:\/\/vn.taokaenoiglobal.com\/vi\/wp-json\/wp\/v2\/media?parent=761"}],"wp:term":[{"taxonomy":"product_cat","embeddable":true,"href":"https:\/\/vn.taokaenoiglobal.com\/vi\/wp-json\/wp\/v2\/product_cat?post=761"}],"curies":[{"name":"wp","href":"https:\/\/api.w.org\/{rel}","templated":true}]}}