{"id":843,"date":"2022-09-27T10:57:45","date_gmt":"2022-09-27T03:57:45","guid":{"rendered":"https:\/\/vn.taokaenoiglobal.com\/?post_type=product&#038;p=843"},"modified":"2022-09-27T10:57:45","modified_gmt":"2022-09-27T03:57:45","slug":"salted-egg","status":"publish","type":"product","link":"https:\/\/vn.taokaenoiglobal.com\/vi\/product\/salted-egg\/","title":{"rendered":"Salted Egg"},"content":{"rendered":"<p>Adding a real salted egg to create the light sweetness and nice scent combined with the crispiness of seaweed.<\/p>","protected":false},"featured_media":689,"template":"","product_cat":[21],"class_list":["post-843","product","type-product","status-publish","has-post-thumbnail","hentry","product_cat-furikake"],"acf":{"nutrition_data":[{"name":"Calo\/ N\u0103ng l\u01b0\u1ee3ng (Kcal)","value":"43"},{"name":"N\u0103ng l\u01b0\u1ee3ng t\u1eeb ch\u1ea5t b\u00e9o (Kcal)","value":"67"},{"name":"T\u1ed5ng ch\u1ea5t b\u00e9o (g)","value":"7.1"},{"name":"Ch\u1ea5t b\u00e9o b\u00e3o ho\u00e0 (g)","value":"2.7"},{"name":"Ch\u1ea5t b\u00e9o chuy\u1ec3n ho\u00e1 (g)","value":""},{"name":"Cholesterol (mg)","value":""},{"name":"Sodium (mg)","value":"234"},{"name":"T\u1ed5ng Carbohydrate, bao g\u1ed3m DF (g)","value":"7.5"},{"name":"Ch\u1ea5t x\u01a1 (g)","value":"2.5"},{"name":"\u0110\u01b0\u1eddng (g)","value":"4.5"},{"name":"Ch\u1ea5t \u0111\u1ea1m (Nx6.25) (g)","value":"2.6"},{"name":"Vitamin A (mcg.RE)","value":"101.53"},{"name":"Vitamin C (mg)","value":"1"},{"name":"Vitamin B1 (mg)","value":"0.03"},{"name":"Vitamin B2 (mg)","value":"0.23"},{"name":"S\u1eaft (mg)","value":"0.71"},{"name":"Canxi (mg)","value":"22.68"}],"seaweeds":{"position_a":false,"position_b":false},"product_sizes":false,"per_serving":"12G"},"yoast_head":"<!-- This site is optimized with the Yoast SEO plugin v24.6 - https:\/\/yoast.com\/wordpress\/plugins\/seo\/ -->\n<title>Salted Egg - Taokaenoi Global<\/title>\n<meta name=\"robots\" content=\"index, follow, max-snippet:-1, max-image-preview:large, max-video-preview:-1\" \/>\n<link rel=\"canonical\" href=\"https:\/\/vn.taokaenoiglobal.com\/product\/salted-egg\/\" \/>\n<meta property=\"og:locale\" content=\"vi_VN\" \/>\n<meta property=\"og:type\" content=\"article\" \/>\n<meta property=\"og:title\" content=\"[:en]Salted Egg[:vi]Salted Egg[:zh]\u539f\u5473[:] - Taokaenoi Global\" \/>\n<meta property=\"og:description\" content=\"Adding a real salted egg to create the light sweetness and nice scent combined with the crispiness of seaweed.\" \/>\n<meta property=\"og:url\" content=\"https:\/\/vn.taokaenoiglobal.com\/product\/salted-egg\/\" \/>\n<meta property=\"og:site_name\" content=\"Taokaenoi Global\" \/>\n<meta property=\"og:image\" content=\"https:\/\/vn.taokaenoiglobal.com\/wp-content\/uploads\/2022\/03\/Furikake-Original.png\" \/>\n\t<meta property=\"og:image:width\" content=\"1200\" \/>\n\t<meta property=\"og:image:height\" content=\"1200\" \/>\n\t<meta property=\"og:image:type\" content=\"image\/png\" \/>\n<meta name=\"twitter:card\" content=\"summary_large_image\" \/>\n<meta name=\"twitter:label1\" content=\"\u01af\u1edbc t\u00ednh th\u1eddi gian \u0111\u1ecdc\" \/>\n\t<meta name=\"twitter:data1\" content=\"1 ph\u00fat\" \/>\n<script type=\"application\/ld+json\" class=\"yoast-schema-graph\">{\"@context\":\"https:\/\/schema.org\",\"@graph\":[{\"@type\":\"WebPage\",\"@id\":\"https:\/\/vn.taokaenoiglobal.com\/product\/salted-egg\/\",\"url\":\"https:\/\/vn.taokaenoiglobal.com\/product\/salted-egg\/\",\"name\":\"[:en]Salted Egg[:vi]Salted Egg[:zh]\u539f\u5473[:] - Taokaenoi Global\",\"isPartOf\":{\"@id\":\"https:\/\/vn.taokaenoiglobal.com\/#website\"},\"primaryImageOfPage\":{\"@id\":\"https:\/\/vn.taokaenoiglobal.com\/product\/salted-egg\/#primaryimage\"},\"image\":{\"@id\":\"https:\/\/vn.taokaenoiglobal.com\/product\/salted-egg\/#primaryimage\"},\"thumbnailUrl\":\"https:\/\/vn.taokaenoiglobal.com\/wp-content\/uploads\/2022\/03\/Furikake-Original.png\",\"datePublished\":\"2022-09-27T03:57:45+00:00\",\"breadcrumb\":{\"@id\":\"https:\/\/vn.taokaenoiglobal.com\/product\/salted-egg\/#breadcrumb\"},\"inLanguage\":\"vi\",\"potentialAction\":[{\"@type\":\"ReadAction\",\"target\":[\"https:\/\/vn.taokaenoiglobal.com\/product\/salted-egg\/\"]}]},{\"@type\":\"ImageObject\",\"inLanguage\":\"vi\",\"@id\":\"https:\/\/vn.taokaenoiglobal.com\/product\/salted-egg\/#primaryimage\",\"url\":\"https:\/\/vn.taokaenoiglobal.com\/wp-content\/uploads\/2022\/03\/Furikake-Original.png\",\"contentUrl\":\"https:\/\/vn.taokaenoiglobal.com\/wp-content\/uploads\/2022\/03\/Furikake-Original.png\",\"width\":1200,\"height\":1200},{\"@type\":\"BreadcrumbList\",\"@id\":\"https:\/\/vn.taokaenoiglobal.com\/product\/salted-egg\/#breadcrumb\",\"itemListElement\":[{\"@type\":\"ListItem\",\"position\":1,\"name\":\"Home\",\"item\":\"https:\/\/vn.taokaenoiglobal.com\/\"},{\"@type\":\"ListItem\",\"position\":2,\"name\":\"Products\",\"item\":\"https:\/\/vn.taokaenoiglobal.com\/product\/\"},{\"@type\":\"ListItem\",\"position\":3,\"name\":\"Salted Egg\"}]},{\"@type\":\"WebSite\",\"@id\":\"https:\/\/vn.taokaenoiglobal.com\/#website\",\"url\":\"https:\/\/vn.taokaenoiglobal.com\/\",\"name\":\"Taokaenoi Global\",\"description\":\"\",\"publisher\":{\"@id\":\"https:\/\/vn.taokaenoiglobal.com\/#organization\"},\"potentialAction\":[{\"@type\":\"SearchAction\",\"target\":{\"@type\":\"EntryPoint\",\"urlTemplate\":\"https:\/\/vn.taokaenoiglobal.com\/?s={search_term_string}\"},\"query-input\":{\"@type\":\"PropertyValueSpecification\",\"valueRequired\":true,\"valueName\":\"search_term_string\"}}],\"inLanguage\":\"vi\"},{\"@type\":\"Organization\",\"@id\":\"https:\/\/vn.taokaenoiglobal.com\/#organization\",\"name\":\"Taokaenoi Global\",\"url\":\"https:\/\/vn.taokaenoiglobal.com\/\",\"logo\":{\"@type\":\"ImageObject\",\"inLanguage\":\"vi\",\"@id\":\"https:\/\/vn.taokaenoiglobal.com\/#\/schema\/logo\/image\/\",\"url\":\"https:\/\/vn.taokaenoiglobal.com\/wp-content\/uploads\/2022\/08\/tkn-global-logo.jpg\",\"contentUrl\":\"https:\/\/vn.taokaenoiglobal.com\/wp-content\/uploads\/2022\/08\/tkn-global-logo.jpg\",\"width\":600,\"height\":600,\"caption\":\"Taokaenoi Global\"},\"image\":{\"@id\":\"https:\/\/vn.taokaenoiglobal.com\/#\/schema\/logo\/image\/\"}}]}<\/script>\n<!-- \/ Yoast SEO plugin. -->","yoast_head_json":{"title":"[:en]Salted Egg[:vi]Salted Egg[:zh]\u539f\u5473[:] - Taokaenoi Global","robots":{"index":"index","follow":"follow","max-snippet":"max-snippet:-1","max-image-preview":"max-image-preview:large","max-video-preview":"max-video-preview:-1"},"canonical":"https:\/\/vn.taokaenoiglobal.com\/product\/salted-egg\/","og_locale":"vi_VN","og_type":"article","og_title":"[:en]Salted Egg[:vi]Salted Egg[:zh]\u539f\u5473[:] - Taokaenoi Global","og_description":"Adding a real salted egg to create the light sweetness and nice scent combined with the crispiness of seaweed.","og_url":"https:\/\/vn.taokaenoiglobal.com\/product\/salted-egg\/","og_site_name":"Taokaenoi Global","og_image":[{"width":1200,"height":1200,"url":"https:\/\/vn.taokaenoiglobal.com\/wp-content\/uploads\/2022\/03\/Furikake-Original.png","type":"image\/png"}],"twitter_card":"summary_large_image","twitter_misc":{"\u01af\u1edbc t\u00ednh th\u1eddi gian \u0111\u1ecdc":"1 ph\u00fat"},"schema":{"@context":"https:\/\/schema.org","@graph":[{"@type":"WebPage","@id":"https:\/\/vn.taokaenoiglobal.com\/product\/salted-egg\/","url":"https:\/\/vn.taokaenoiglobal.com\/product\/salted-egg\/","name":"[:en]Salted Egg[:vi]Salted Egg[:zh]\u539f\u5473[:] - Taokaenoi Global","isPartOf":{"@id":"https:\/\/vn.taokaenoiglobal.com\/#website"},"primaryImageOfPage":{"@id":"https:\/\/vn.taokaenoiglobal.com\/product\/salted-egg\/#primaryimage"},"image":{"@id":"https:\/\/vn.taokaenoiglobal.com\/product\/salted-egg\/#primaryimage"},"thumbnailUrl":"https:\/\/vn.taokaenoiglobal.com\/wp-content\/uploads\/2022\/03\/Furikake-Original.png","datePublished":"2022-09-27T03:57:45+00:00","breadcrumb":{"@id":"https:\/\/vn.taokaenoiglobal.com\/product\/salted-egg\/#breadcrumb"},"inLanguage":"vi","potentialAction":[{"@type":"ReadAction","target":["https:\/\/vn.taokaenoiglobal.com\/product\/salted-egg\/"]}]},{"@type":"ImageObject","inLanguage":"vi","@id":"https:\/\/vn.taokaenoiglobal.com\/product\/salted-egg\/#primaryimage","url":"https:\/\/vn.taokaenoiglobal.com\/wp-content\/uploads\/2022\/03\/Furikake-Original.png","contentUrl":"https:\/\/vn.taokaenoiglobal.com\/wp-content\/uploads\/2022\/03\/Furikake-Original.png","width":1200,"height":1200},{"@type":"BreadcrumbList","@id":"https:\/\/vn.taokaenoiglobal.com\/product\/salted-egg\/#breadcrumb","itemListElement":[{"@type":"ListItem","position":1,"name":"Home","item":"https:\/\/vn.taokaenoiglobal.com\/"},{"@type":"ListItem","position":2,"name":"Products","item":"https:\/\/vn.taokaenoiglobal.com\/product\/"},{"@type":"ListItem","position":3,"name":"Salted Egg"}]},{"@type":"WebSite","@id":"https:\/\/vn.taokaenoiglobal.com\/#website","url":"https:\/\/vn.taokaenoiglobal.com\/","name":"Taokaenoi Global","description":"","publisher":{"@id":"https:\/\/vn.taokaenoiglobal.com\/#organization"},"potentialAction":[{"@type":"SearchAction","target":{"@type":"EntryPoint","urlTemplate":"https:\/\/vn.taokaenoiglobal.com\/?s={search_term_string}"},"query-input":{"@type":"PropertyValueSpecification","valueRequired":true,"valueName":"search_term_string"}}],"inLanguage":"vi"},{"@type":"Organization","@id":"https:\/\/vn.taokaenoiglobal.com\/#organization","name":"Taokaenoi Global","url":"https:\/\/vn.taokaenoiglobal.com\/","logo":{"@type":"ImageObject","inLanguage":"vi","@id":"https:\/\/vn.taokaenoiglobal.com\/#\/schema\/logo\/image\/","url":"https:\/\/vn.taokaenoiglobal.com\/wp-content\/uploads\/2022\/08\/tkn-global-logo.jpg","contentUrl":"https:\/\/vn.taokaenoiglobal.com\/wp-content\/uploads\/2022\/08\/tkn-global-logo.jpg","width":600,"height":600,"caption":"Taokaenoi Global"},"image":{"@id":"https:\/\/vn.taokaenoiglobal.com\/#\/schema\/logo\/image\/"}}]}},"_links":{"self":[{"href":"https:\/\/vn.taokaenoiglobal.com\/vi\/wp-json\/wp\/v2\/product\/843","targetHints":{"allow":["GET"]}}],"collection":[{"href":"https:\/\/vn.taokaenoiglobal.com\/vi\/wp-json\/wp\/v2\/product"}],"about":[{"href":"https:\/\/vn.taokaenoiglobal.com\/vi\/wp-json\/wp\/v2\/types\/product"}],"wp:featuredmedia":[{"embeddable":true,"href":"https:\/\/vn.taokaenoiglobal.com\/vi\/wp-json\/wp\/v2\/media\/689"}],"wp:attachment":[{"href":"https:\/\/vn.taokaenoiglobal.com\/vi\/wp-json\/wp\/v2\/media?parent=843"}],"wp:term":[{"taxonomy":"product_cat","embeddable":true,"href":"https:\/\/vn.taokaenoiglobal.com\/vi\/wp-json\/wp\/v2\/product_cat?post=843"}],"curies":[{"name":"wp","href":"https:\/\/api.w.org\/{rel}","templated":true}]}}